{"id":85,"date":"2018-02-25T10:38:24","date_gmt":"2018-02-25T10:38:24","guid":{"rendered":"http:\/\/www.farago-precision.com\/hu\/?page_id=85"},"modified":"2021-05-09T19:25:36","modified_gmt":"2021-05-09T19:25:36","slug":"galeria","status":"publish","type":"page","link":"https:\/\/farago-precision.com\/hu\/galeria\/","title":{"rendered":"Gal\u00e9ria"},"content":{"rendered":"<h3><span style=\"margin: 0px; font-family: 'Calibri',sans-serif; font-size: 11pt;\"><span style=\"color: #000000;\">Szeretj\u00fck meg\u00f6r\u00f6k\u00edteni azokat az \u00f6r\u00f6mteli pillanatokat, amikor be\u00e9rik a munk\u00e1nk gy\u00fcm\u00f6lcse. Csemeg\u00e9zzetek Ti is a k\u00e9pek k\u00f6z\u00fcl!<\/span><\/span><\/h3>\n\n\n<figure class=\"wp-block-gallery columns-3 is-cropped wp-block-gallery-1 is-layout-flex wp-block-gallery-is-layout-flex\"><ul class=\"blocks-gallery-grid\"><li class=\"blocks-gallery-item\"><figure><a href=\"https:\/\/farago-precision.com\/hu\/wp-content\/uploads\/2021\/05\/fairgo-galeria-11.jpg\"><img loading=\"lazy\" decoding=\"async\" width=\"1024\" height=\"1024\" src=\"https:\/\/farago-precision.com\/hu\/wp-content\/uploads\/2021\/05\/fairgo-galeria-11-1024x1024.jpg\" alt=\"\" data-id=\"390\" data-full-url=\"https:\/\/farago-precision.com\/hu\/wp-content\/uploads\/2021\/05\/fairgo-galeria-11.jpg\" data-link=\"https:\/\/farago-precision.com\/hu\/galeria\/attachment\/fairgo-galeria-11\/\" class=\"wp-image-390\" srcset=\"https:\/\/farago-precision.com\/hu\/wp-content\/uploads\/2021\/05\/fairgo-galeria-11-1024x1024.jpg 1024w, https:\/\/farago-precision.com\/hu\/wp-content\/uploads\/2021\/05\/fairgo-galeria-11-300x300.jpg 300w, https:\/\/farago-precision.com\/hu\/wp-content\/uploads\/2021\/05\/fairgo-galeria-11-150x150.jpg 150w, https:\/\/farago-precision.com\/hu\/wp-content\/uploads\/2021\/05\/fairgo-galeria-11-768x768.jpg 768w, https:\/\/farago-precision.com\/hu\/wp-content\/uploads\/2021\/05\/fairgo-galeria-11-70x70.jpg 70w, https:\/\/farago-precision.com\/hu\/wp-content\/uploads\/2021\/05\/fairgo-galeria-11-127x127.jpg 127w, https:\/\/farago-precision.com\/hu\/wp-content\/uploads\/2021\/05\/fairgo-galeria-11-476x476.jpg 476w, https:\/\/farago-precision.com\/hu\/wp-content\/uploads\/2021\/05\/fairgo-galeria-11-125x125.jpg 125w, https:\/\/farago-precision.com\/hu\/wp-content\/uploads\/2021\/05\/fairgo-galeria-11.jpg 1080w\" sizes=\"auto, (max-width: 1024px) 100vw, 1024px\" \/><\/a><\/figure><\/li><li class=\"blocks-gallery-item\"><figure><a href=\"https:\/\/farago-precision.com\/hu\/wp-content\/uploads\/2021\/05\/fairgo-galeria-10.jpg\"><img loading=\"lazy\" decoding=\"async\" width=\"1024\" height=\"1024\" src=\"https:\/\/farago-precision.com\/hu\/wp-content\/uploads\/2021\/05\/fairgo-galeria-10-1024x1024.jpg\" alt=\"\" data-id=\"392\" data-full-url=\"https:\/\/farago-precision.com\/hu\/wp-content\/uploads\/2021\/05\/fairgo-galeria-10.jpg\" data-link=\"https:\/\/farago-precision.com\/hu\/galeria\/attachment\/fairgo-galeria-10\/\" class=\"wp-image-392\" srcset=\"https:\/\/farago-precision.com\/hu\/wp-content\/uploads\/2021\/05\/fairgo-galeria-10-1024x1024.jpg 1024w, https:\/\/farago-precision.com\/hu\/wp-content\/uploads\/2021\/05\/fairgo-galeria-10-300x300.jpg 300w, https:\/\/farago-precision.com\/hu\/wp-content\/uploads\/2021\/05\/fairgo-galeria-10-150x150.jpg 150w, https:\/\/farago-precision.com\/hu\/wp-content\/uploads\/2021\/05\/fairgo-galeria-10-768x768.jpg 768w, https:\/\/farago-precision.com\/hu\/wp-content\/uploads\/2021\/05\/fairgo-galeria-10-70x70.jpg 70w, https:\/\/farago-precision.com\/hu\/wp-content\/uploads\/2021\/05\/fairgo-galeria-10-127x127.jpg 127w, https:\/\/farago-precision.com\/hu\/wp-content\/uploads\/2021\/05\/fairgo-galeria-10-476x476.jpg 476w, https:\/\/farago-precision.com\/hu\/wp-content\/uploads\/2021\/05\/fairgo-galeria-10-125x125.jpg 125w, https:\/\/farago-precision.com\/hu\/wp-content\/uploads\/2021\/05\/fairgo-galeria-10.jpg 1080w\" sizes=\"auto, (max-width: 1024px) 100vw, 1024px\" \/><\/a><\/figure><\/li><li class=\"blocks-gallery-item\"><figure><a href=\"https:\/\/farago-precision.com\/hu\/wp-content\/uploads\/2021\/05\/fairgo-galeria-9-2.jpg\"><img loading=\"lazy\" decoding=\"async\" width=\"1024\" height=\"1024\" src=\"https:\/\/farago-precision.com\/hu\/wp-content\/uploads\/2021\/05\/fairgo-galeria-9-2-1024x1024.jpg\" alt=\"\" data-id=\"393\" data-full-url=\"https:\/\/farago-precision.com\/hu\/wp-content\/uploads\/2021\/05\/fairgo-galeria-9-2.jpg\" data-link=\"https:\/\/farago-precision.com\/hu\/galeria\/attachment\/fairgo-galeria-9-2\/\" class=\"wp-image-393\" srcset=\"https:\/\/farago-precision.com\/hu\/wp-content\/uploads\/2021\/05\/fairgo-galeria-9-2-1024x1024.jpg 1024w, https:\/\/farago-precision.com\/hu\/wp-content\/uploads\/2021\/05\/fairgo-galeria-9-2-300x300.jpg 300w, https:\/\/farago-precision.com\/hu\/wp-content\/uploads\/2021\/05\/fairgo-galeria-9-2-150x150.jpg 150w, https:\/\/farago-precision.com\/hu\/wp-content\/uploads\/2021\/05\/fairgo-galeria-9-2-768x768.jpg 768w, https:\/\/farago-precision.com\/hu\/wp-content\/uploads\/2021\/05\/fairgo-galeria-9-2-70x70.jpg 70w, https:\/\/farago-precision.com\/hu\/wp-content\/uploads\/2021\/05\/fairgo-galeria-9-2-127x127.jpg 127w, https:\/\/farago-precision.com\/hu\/wp-content\/uploads\/2021\/05\/fairgo-galeria-9-2-476x476.jpg 476w, https:\/\/farago-precision.com\/hu\/wp-content\/uploads\/2021\/05\/fairgo-galeria-9-2-125x125.jpg 125w, https:\/\/farago-precision.com\/hu\/wp-content\/uploads\/2021\/05\/fairgo-galeria-9-2.jpg 1080w\" sizes=\"auto, (max-width: 1024px) 100vw, 1024px\" \/><\/a><\/figure><\/li><li class=\"blocks-gallery-item\"><figure><a href=\"https:\/\/farago-precision.com\/hu\/wp-content\/uploads\/2021\/05\/fairgo-galeria-9-1.jpg\"><img loading=\"lazy\" decoding=\"async\" width=\"1024\" height=\"1024\" src=\"https:\/\/farago-precision.com\/hu\/wp-content\/uploads\/2021\/05\/fairgo-galeria-9-1-1024x1024.jpg\" alt=\"\" data-id=\"394\" data-full-url=\"https:\/\/farago-precision.com\/hu\/wp-content\/uploads\/2021\/05\/fairgo-galeria-9-1.jpg\" data-link=\"https:\/\/farago-precision.com\/hu\/galeria\/attachment\/fairgo-galeria-9-1\/\" class=\"wp-image-394\" srcset=\"https:\/\/farago-precision.com\/hu\/wp-content\/uploads\/2021\/05\/fairgo-galeria-9-1-1024x1024.jpg 1024w, https:\/\/farago-precision.com\/hu\/wp-content\/uploads\/2021\/05\/fairgo-galeria-9-1-300x300.jpg 300w, https:\/\/farago-precision.com\/hu\/wp-content\/uploads\/2021\/05\/fairgo-galeria-9-1-150x150.jpg 150w, https:\/\/farago-precision.com\/hu\/wp-content\/uploads\/2021\/05\/fairgo-galeria-9-1-768x768.jpg 768w, https:\/\/farago-precision.com\/hu\/wp-content\/uploads\/2021\/05\/fairgo-galeria-9-1-70x70.jpg 70w, https:\/\/farago-precision.com\/hu\/wp-content\/uploads\/2021\/05\/fairgo-galeria-9-1-127x127.jpg 127w, https:\/\/farago-precision.com\/hu\/wp-content\/uploads\/2021\/05\/fairgo-galeria-9-1-476x476.jpg 476w, https:\/\/farago-precision.com\/hu\/wp-content\/uploads\/2021\/05\/fairgo-galeria-9-1-125x125.jpg 125w, https:\/\/farago-precision.com\/hu\/wp-content\/uploads\/2021\/05\/fairgo-galeria-9-1.jpg 1080w\" sizes=\"auto, (max-width: 1024px) 100vw, 1024px\" \/><\/a><\/figure><\/li><li class=\"blocks-gallery-item\"><figure><a href=\"https:\/\/farago-precision.com\/hu\/wp-content\/uploads\/2021\/05\/fairgo-galeria-9.jpg\"><img loading=\"lazy\" decoding=\"async\" width=\"1024\" height=\"1024\" src=\"https:\/\/farago-precision.com\/hu\/wp-content\/uploads\/2021\/05\/fairgo-galeria-9-1024x1024.jpg\" alt=\"\" data-id=\"395\" data-full-url=\"https:\/\/farago-precision.com\/hu\/wp-content\/uploads\/2021\/05\/fairgo-galeria-9.jpg\" data-link=\"https:\/\/farago-precision.com\/hu\/galeria\/attachment\/fairgo-galeria-9\/\" class=\"wp-image-395\" srcset=\"https:\/\/farago-precision.com\/hu\/wp-content\/uploads\/2021\/05\/fairgo-galeria-9-1024x1024.jpg 1024w, https:\/\/farago-precision.com\/hu\/wp-content\/uploads\/2021\/05\/fairgo-galeria-9-300x300.jpg 300w, https:\/\/farago-precision.com\/hu\/wp-content\/uploads\/2021\/05\/fairgo-galeria-9-150x150.jpg 150w, https:\/\/farago-precision.com\/hu\/wp-content\/uploads\/2021\/05\/fairgo-galeria-9-768x768.jpg 768w, https:\/\/farago-precision.com\/hu\/wp-content\/uploads\/2021\/05\/fairgo-galeria-9-70x70.jpg 70w, https:\/\/farago-precision.com\/hu\/wp-content\/uploads\/2021\/05\/fairgo-galeria-9-127x127.jpg 127w, https:\/\/farago-precision.com\/hu\/wp-content\/uploads\/2021\/05\/fairgo-galeria-9-476x476.jpg 476w, https:\/\/farago-precision.com\/hu\/wp-content\/uploads\/2021\/05\/fairgo-galeria-9-125x125.jpg 125w, https:\/\/farago-precision.com\/hu\/wp-content\/uploads\/2021\/05\/fairgo-galeria-9.jpg 1080w\" sizes=\"auto, (max-width: 1024px) 100vw, 1024px\" \/><\/a><\/figure><\/li><li class=\"blocks-gallery-item\"><figure><a href=\"https:\/\/farago-precision.com\/hu\/wp-content\/uploads\/2021\/05\/fairgo-galeria-8.jpg\"><img loading=\"lazy\" decoding=\"async\" width=\"1024\" height=\"1024\" src=\"https:\/\/farago-precision.com\/hu\/wp-content\/uploads\/2021\/05\/fairgo-galeria-8-1024x1024.jpg\" alt=\"\" data-id=\"396\" data-full-url=\"https:\/\/farago-precision.com\/hu\/wp-content\/uploads\/2021\/05\/fairgo-galeria-8.jpg\" data-link=\"https:\/\/farago-precision.com\/hu\/galeria\/attachment\/fairgo-galeria-8\/\" class=\"wp-image-396\" srcset=\"https:\/\/farago-precision.com\/hu\/wp-content\/uploads\/2021\/05\/fairgo-galeria-8-1024x1024.jpg 1024w, https:\/\/farago-precision.com\/hu\/wp-content\/uploads\/2021\/05\/fairgo-galeria-8-300x300.jpg 300w, https:\/\/farago-precision.com\/hu\/wp-content\/uploads\/2021\/05\/fairgo-galeria-8-150x150.jpg 150w, https:\/\/farago-precision.com\/hu\/wp-content\/uploads\/2021\/05\/fairgo-galeria-8-768x768.jpg 768w, https:\/\/farago-precision.com\/hu\/wp-content\/uploads\/2021\/05\/fairgo-galeria-8-70x70.jpg 70w, https:\/\/farago-precision.com\/hu\/wp-content\/uploads\/2021\/05\/fairgo-galeria-8-127x127.jpg 127w, https:\/\/farago-precision.com\/hu\/wp-content\/uploads\/2021\/05\/fairgo-galeria-8-476x476.jpg 476w, https:\/\/farago-precision.com\/hu\/wp-content\/uploads\/2021\/05\/fairgo-galeria-8-125x125.jpg 125w, https:\/\/farago-precision.com\/hu\/wp-content\/uploads\/2021\/05\/fairgo-galeria-8.jpg 1080w\" sizes=\"auto, (max-width: 1024px) 100vw, 1024px\" \/><\/a><\/figure><\/li><li class=\"blocks-gallery-item\"><figure><a href=\"https:\/\/farago-precision.com\/hu\/wp-content\/uploads\/2021\/05\/fairgo-galeria-7.jpg\"><img loading=\"lazy\" decoding=\"async\" width=\"1024\" height=\"1024\" src=\"https:\/\/farago-precision.com\/hu\/wp-content\/uploads\/2021\/05\/fairgo-galeria-7-1024x1024.jpg\" alt=\"\" data-id=\"397\" data-full-url=\"https:\/\/farago-precision.com\/hu\/wp-content\/uploads\/2021\/05\/fairgo-galeria-7.jpg\" data-link=\"https:\/\/farago-precision.com\/hu\/galeria\/attachment\/fairgo-galeria-7\/\" class=\"wp-image-397\" srcset=\"https:\/\/farago-precision.com\/hu\/wp-content\/uploads\/2021\/05\/fairgo-galeria-7-1024x1024.jpg 1024w, https:\/\/farago-precision.com\/hu\/wp-content\/uploads\/2021\/05\/fairgo-galeria-7-300x300.jpg 300w, https:\/\/farago-precision.com\/hu\/wp-content\/uploads\/2021\/05\/fairgo-galeria-7-150x150.jpg 150w, https:\/\/farago-precision.com\/hu\/wp-content\/uploads\/2021\/05\/fairgo-galeria-7-768x768.jpg 768w, https:\/\/farago-precision.com\/hu\/wp-content\/uploads\/2021\/05\/fairgo-galeria-7-70x70.jpg 70w, https:\/\/farago-precision.com\/hu\/wp-content\/uploads\/2021\/05\/fairgo-galeria-7-127x127.jpg 127w, https:\/\/farago-precision.com\/hu\/wp-content\/uploads\/2021\/05\/fairgo-galeria-7-476x476.jpg 476w, https:\/\/farago-precision.com\/hu\/wp-content\/uploads\/2021\/05\/fairgo-galeria-7-125x125.jpg 125w, https:\/\/farago-precision.com\/hu\/wp-content\/uploads\/2021\/05\/fairgo-galeria-7.jpg 1080w\" sizes=\"auto, (max-width: 1024px) 100vw, 1024px\" \/><\/a><\/figure><\/li><li class=\"blocks-gallery-item\"><figure><a href=\"https:\/\/farago-precision.com\/hu\/wp-content\/uploads\/2021\/05\/fairgo-galeria-6.jpg\"><img loading=\"lazy\" decoding=\"async\" width=\"1024\" height=\"1024\" src=\"https:\/\/farago-precision.com\/hu\/wp-content\/uploads\/2021\/05\/fairgo-galeria-6-1024x1024.jpg\" alt=\"\" data-id=\"398\" data-full-url=\"https:\/\/farago-precision.com\/hu\/wp-content\/uploads\/2021\/05\/fairgo-galeria-6.jpg\" data-link=\"https:\/\/farago-precision.com\/hu\/galeria\/attachment\/fairgo-galeria-6\/\" class=\"wp-image-398\" srcset=\"https:\/\/farago-precision.com\/hu\/wp-content\/uploads\/2021\/05\/fairgo-galeria-6-1024x1024.jpg 1024w, https:\/\/farago-precision.com\/hu\/wp-content\/uploads\/2021\/05\/fairgo-galeria-6-300x300.jpg 300w, https:\/\/farago-precision.com\/hu\/wp-content\/uploads\/2021\/05\/fairgo-galeria-6-150x150.jpg 150w, https:\/\/farago-precision.com\/hu\/wp-content\/uploads\/2021\/05\/fairgo-galeria-6-768x768.jpg 768w, https:\/\/farago-precision.com\/hu\/wp-content\/uploads\/2021\/05\/fairgo-galeria-6-70x70.jpg 70w, https:\/\/farago-precision.com\/hu\/wp-content\/uploads\/2021\/05\/fairgo-galeria-6-127x127.jpg 127w, https:\/\/farago-precision.com\/hu\/wp-content\/uploads\/2021\/05\/fairgo-galeria-6-476x476.jpg 476w, https:\/\/farago-precision.com\/hu\/wp-content\/uploads\/2021\/05\/fairgo-galeria-6-125x125.jpg 125w, https:\/\/farago-precision.com\/hu\/wp-content\/uploads\/2021\/05\/fairgo-galeria-6.jpg 1080w\" sizes=\"auto, (max-width: 1024px) 100vw, 1024px\" \/><\/a><\/figure><\/li><li class=\"blocks-gallery-item\"><figure><a href=\"https:\/\/farago-precision.com\/hu\/wp-content\/uploads\/2021\/05\/fairgo-galeria-5.jpg\"><img loading=\"lazy\" decoding=\"async\" width=\"1024\" height=\"1024\" src=\"https:\/\/farago-precision.com\/hu\/wp-content\/uploads\/2021\/05\/fairgo-galeria-5-1024x1024.jpg\" alt=\"\" data-id=\"399\" data-full-url=\"https:\/\/farago-precision.com\/hu\/wp-content\/uploads\/2021\/05\/fairgo-galeria-5.jpg\" data-link=\"https:\/\/farago-precision.com\/hu\/galeria\/attachment\/fairgo-galeria-5\/\" class=\"wp-image-399\" srcset=\"https:\/\/farago-precision.com\/hu\/wp-content\/uploads\/2021\/05\/fairgo-galeria-5-1024x1024.jpg 1024w, https:\/\/farago-precision.com\/hu\/wp-content\/uploads\/2021\/05\/fairgo-galeria-5-300x300.jpg 300w, https:\/\/farago-precision.com\/hu\/wp-content\/uploads\/2021\/05\/fairgo-galeria-5-150x150.jpg 150w, https:\/\/farago-precision.com\/hu\/wp-content\/uploads\/2021\/05\/fairgo-galeria-5-768x768.jpg 768w, https:\/\/farago-precision.com\/hu\/wp-content\/uploads\/2021\/05\/fairgo-galeria-5-70x70.jpg 70w, https:\/\/farago-precision.com\/hu\/wp-content\/uploads\/2021\/05\/fairgo-galeria-5-127x127.jpg 127w, https:\/\/farago-precision.com\/hu\/wp-content\/uploads\/2021\/05\/fairgo-galeria-5-476x476.jpg 476w, https:\/\/farago-precision.com\/hu\/wp-content\/uploads\/2021\/05\/fairgo-galeria-5-125x125.jpg 125w, https:\/\/farago-precision.com\/hu\/wp-content\/uploads\/2021\/05\/fairgo-galeria-5.jpg 1080w\" sizes=\"auto, (max-width: 1024px) 100vw, 1024px\" \/><\/a><\/figure><\/li><li class=\"blocks-gallery-item\"><figure><a href=\"https:\/\/farago-precision.com\/hu\/wp-content\/uploads\/2021\/05\/fairgo-galeria-4.jpg\"><img loading=\"lazy\" decoding=\"async\" width=\"1024\" height=\"1024\" src=\"https:\/\/farago-precision.com\/hu\/wp-content\/uploads\/2021\/05\/fairgo-galeria-4-1024x1024.jpg\" alt=\"\" data-id=\"400\" data-full-url=\"https:\/\/farago-precision.com\/hu\/wp-content\/uploads\/2021\/05\/fairgo-galeria-4.jpg\" data-link=\"https:\/\/farago-precision.com\/hu\/galeria\/attachment\/fairgo-galeria-4\/\" class=\"wp-image-400\" srcset=\"https:\/\/farago-precision.com\/hu\/wp-content\/uploads\/2021\/05\/fairgo-galeria-4-1024x1024.jpg 1024w, https:\/\/farago-precision.com\/hu\/wp-content\/uploads\/2021\/05\/fairgo-galeria-4-300x300.jpg 300w, https:\/\/farago-precision.com\/hu\/wp-content\/uploads\/2021\/05\/fairgo-galeria-4-150x150.jpg 150w, https:\/\/farago-precision.com\/hu\/wp-content\/uploads\/2021\/05\/fairgo-galeria-4-768x768.jpg 768w, https:\/\/farago-precision.com\/hu\/wp-content\/uploads\/2021\/05\/fairgo-galeria-4-70x70.jpg 70w, https:\/\/farago-precision.com\/hu\/wp-content\/uploads\/2021\/05\/fairgo-galeria-4-127x127.jpg 127w, https:\/\/farago-precision.com\/hu\/wp-content\/uploads\/2021\/05\/fairgo-galeria-4-476x476.jpg 476w, https:\/\/farago-precision.com\/hu\/wp-content\/uploads\/2021\/05\/fairgo-galeria-4-125x125.jpg 125w, https:\/\/farago-precision.com\/hu\/wp-content\/uploads\/2021\/05\/fairgo-galeria-4.jpg 1080w\" sizes=\"auto, (max-width: 1024px) 100vw, 1024px\" \/><\/a><\/figure><\/li><li class=\"blocks-gallery-item\"><figure><a href=\"https:\/\/farago-precision.com\/hu\/wp-content\/uploads\/2021\/05\/fairgo-galeria-3-1.jpg\"><img loading=\"lazy\" decoding=\"async\" width=\"1024\" height=\"1024\" src=\"https:\/\/farago-precision.com\/hu\/wp-content\/uploads\/2021\/05\/fairgo-galeria-3-1-1024x1024.jpg\" alt=\"\" data-id=\"401\" data-full-url=\"https:\/\/farago-precision.com\/hu\/wp-content\/uploads\/2021\/05\/fairgo-galeria-3-1.jpg\" data-link=\"https:\/\/farago-precision.com\/hu\/galeria\/attachment\/fairgo-galeria-3-1\/\" class=\"wp-image-401\" srcset=\"https:\/\/farago-precision.com\/hu\/wp-content\/uploads\/2021\/05\/fairgo-galeria-3-1-1024x1024.jpg 1024w, https:\/\/farago-precision.com\/hu\/wp-content\/uploads\/2021\/05\/fairgo-galeria-3-1-300x300.jpg 300w, https:\/\/farago-precision.com\/hu\/wp-content\/uploads\/2021\/05\/fairgo-galeria-3-1-150x150.jpg 150w, https:\/\/farago-precision.com\/hu\/wp-content\/uploads\/2021\/05\/fairgo-galeria-3-1-768x768.jpg 768w, https:\/\/farago-precision.com\/hu\/wp-content\/uploads\/2021\/05\/fairgo-galeria-3-1-70x70.jpg 70w, https:\/\/farago-precision.com\/hu\/wp-content\/uploads\/2021\/05\/fairgo-galeria-3-1-127x127.jpg 127w, https:\/\/farago-precision.com\/hu\/wp-content\/uploads\/2021\/05\/fairgo-galeria-3-1-476x476.jpg 476w, https:\/\/farago-precision.com\/hu\/wp-content\/uploads\/2021\/05\/fairgo-galeria-3-1-125x125.jpg 125w, https:\/\/farago-precision.com\/hu\/wp-content\/uploads\/2021\/05\/fairgo-galeria-3-1.jpg 1080w\" sizes=\"auto, (max-width: 1024px) 100vw, 1024px\" \/><\/a><\/figure><\/li><li class=\"blocks-gallery-item\"><figure><a href=\"https:\/\/farago-precision.com\/hu\/wp-content\/uploads\/2021\/05\/fairgo-galeria-3.jpg\"><img loading=\"lazy\" decoding=\"async\" width=\"1024\" height=\"1024\" src=\"https:\/\/farago-precision.com\/hu\/wp-content\/uploads\/2021\/05\/fairgo-galeria-3-1024x1024.jpg\" alt=\"\" data-id=\"402\" data-full-url=\"https:\/\/farago-precision.com\/hu\/wp-content\/uploads\/2021\/05\/fairgo-galeria-3.jpg\" data-link=\"https:\/\/farago-precision.com\/hu\/galeria\/attachment\/fairgo-galeria-3\/\" class=\"wp-image-402\" srcset=\"https:\/\/farago-precision.com\/hu\/wp-content\/uploads\/2021\/05\/fairgo-galeria-3-1024x1024.jpg 1024w, https:\/\/farago-precision.com\/hu\/wp-content\/uploads\/2021\/05\/fairgo-galeria-3-300x300.jpg 300w, https:\/\/farago-precision.com\/hu\/wp-content\/uploads\/2021\/05\/fairgo-galeria-3-150x150.jpg 150w, https:\/\/farago-precision.com\/hu\/wp-content\/uploads\/2021\/05\/fairgo-galeria-3-768x768.jpg 768w, https:\/\/farago-precision.com\/hu\/wp-content\/uploads\/2021\/05\/fairgo-galeria-3-70x70.jpg 70w, https:\/\/farago-precision.com\/hu\/wp-content\/uploads\/2021\/05\/fairgo-galeria-3-127x127.jpg 127w, https:\/\/farago-precision.com\/hu\/wp-content\/uploads\/2021\/05\/fairgo-galeria-3-476x476.jpg 476w, https:\/\/farago-precision.com\/hu\/wp-content\/uploads\/2021\/05\/fairgo-galeria-3-125x125.jpg 125w, https:\/\/farago-precision.com\/hu\/wp-content\/uploads\/2021\/05\/fairgo-galeria-3.jpg 1080w\" sizes=\"auto, (max-width: 1024px) 100vw, 1024px\" \/><\/a><\/figure><\/li><li class=\"blocks-gallery-item\"><figure><a href=\"https:\/\/farago-precision.com\/hu\/wp-content\/uploads\/2021\/05\/fairgo-galeria-2.jpg\"><img loading=\"lazy\" decoding=\"async\" width=\"1024\" height=\"1024\" src=\"https:\/\/farago-precision.com\/hu\/wp-content\/uploads\/2021\/05\/fairgo-galeria-2-1024x1024.jpg\" alt=\"\" data-id=\"403\" data-full-url=\"https:\/\/farago-precision.com\/hu\/wp-content\/uploads\/2021\/05\/fairgo-galeria-2.jpg\" data-link=\"https:\/\/farago-precision.com\/hu\/galeria\/attachment\/fairgo-galeria-2\/\" class=\"wp-image-403\" srcset=\"https:\/\/farago-precision.com\/hu\/wp-content\/uploads\/2021\/05\/fairgo-galeria-2-1024x1024.jpg 1024w, https:\/\/farago-precision.com\/hu\/wp-content\/uploads\/2021\/05\/fairgo-galeria-2-300x300.jpg 300w, https:\/\/farago-precision.com\/hu\/wp-content\/uploads\/2021\/05\/fairgo-galeria-2-150x150.jpg 150w, https:\/\/farago-precision.com\/hu\/wp-content\/uploads\/2021\/05\/fairgo-galeria-2-768x768.jpg 768w, https:\/\/farago-precision.com\/hu\/wp-content\/uploads\/2021\/05\/fairgo-galeria-2-70x70.jpg 70w, https:\/\/farago-precision.com\/hu\/wp-content\/uploads\/2021\/05\/fairgo-galeria-2-127x127.jpg 127w, https:\/\/farago-precision.com\/hu\/wp-content\/uploads\/2021\/05\/fairgo-galeria-2-476x476.jpg 476w, https:\/\/farago-precision.com\/hu\/wp-content\/uploads\/2021\/05\/fairgo-galeria-2-125x125.jpg 125w, https:\/\/farago-precision.com\/hu\/wp-content\/uploads\/2021\/05\/fairgo-galeria-2.jpg 1080w\" sizes=\"auto, (max-width: 1024px) 100vw, 1024px\" \/><\/a><\/figure><\/li><li class=\"blocks-gallery-item\"><figure><a href=\"https:\/\/farago-precision.com\/hu\/wp-content\/uploads\/2021\/05\/fairgo-galeria-1.jpg\"><img loading=\"lazy\" decoding=\"async\" width=\"1024\" height=\"1024\" src=\"https:\/\/farago-precision.com\/hu\/wp-content\/uploads\/2021\/05\/fairgo-galeria-1-1024x1024.jpg\" alt=\"\" data-id=\"404\" data-full-url=\"https:\/\/farago-precision.com\/hu\/wp-content\/uploads\/2021\/05\/fairgo-galeria-1.jpg\" data-link=\"https:\/\/farago-precision.com\/hu\/galeria\/attachment\/fairgo-galeria-1\/\" class=\"wp-image-404\" srcset=\"https:\/\/farago-precision.com\/hu\/wp-content\/uploads\/2021\/05\/fairgo-galeria-1-1024x1024.jpg 1024w, https:\/\/farago-precision.com\/hu\/wp-content\/uploads\/2021\/05\/fairgo-galeria-1-300x300.jpg 300w, https:\/\/farago-precision.com\/hu\/wp-content\/uploads\/2021\/05\/fairgo-galeria-1-150x150.jpg 150w, https:\/\/farago-precision.com\/hu\/wp-content\/uploads\/2021\/05\/fairgo-galeria-1-768x768.jpg 768w, https:\/\/farago-precision.com\/hu\/wp-content\/uploads\/2021\/05\/fairgo-galeria-1-70x70.jpg 70w, https:\/\/farago-precision.com\/hu\/wp-content\/uploads\/2021\/05\/fairgo-galeria-1-127x127.jpg 127w, https:\/\/farago-precision.com\/hu\/wp-content\/uploads\/2021\/05\/fairgo-galeria-1-476x476.jpg 476w, https:\/\/farago-precision.com\/hu\/wp-content\/uploads\/2021\/05\/fairgo-galeria-1-125x125.jpg 125w, https:\/\/farago-precision.com\/hu\/wp-content\/uploads\/2021\/05\/fairgo-galeria-1.jpg 1080w\" sizes=\"auto, (max-width: 1024px) 100vw, 1024px\" \/><\/a><\/figure><\/li><li class=\"blocks-gallery-item\"><figure><a href=\"https:\/\/farago-precision.com\/hu\/wp-content\/uploads\/2021\/05\/IMG-9644-scaled.jpg\"><img loading=\"lazy\" decoding=\"async\" width=\"1024\" height=\"768\" src=\"https:\/\/farago-precision.com\/hu\/wp-content\/uploads\/2021\/05\/IMG-9644-1024x768.jpg\" alt=\"\" data-id=\"405\" data-full-url=\"https:\/\/farago-precision.com\/hu\/wp-content\/uploads\/2021\/05\/IMG-9644-scaled.jpg\" data-link=\"https:\/\/farago-precision.com\/hu\/galeria\/attachment\/img-9644\/\" class=\"wp-image-405\" srcset=\"https:\/\/farago-precision.com\/hu\/wp-content\/uploads\/2021\/05\/IMG-9644-1024x768.jpg 1024w, https:\/\/farago-precision.com\/hu\/wp-content\/uploads\/2021\/05\/IMG-9644-300x225.jpg 300w, https:\/\/farago-precision.com\/hu\/wp-content\/uploads\/2021\/05\/IMG-9644-768x576.jpg 768w, https:\/\/farago-precision.com\/hu\/wp-content\/uploads\/2021\/05\/IMG-9644-1536x1152.jpg 1536w, https:\/\/farago-precision.com\/hu\/wp-content\/uploads\/2021\/05\/IMG-9644-2048x1536.jpg 2048w\" sizes=\"auto, (max-width: 1024px) 100vw, 1024px\" \/><\/a><\/figure><\/li><li class=\"blocks-gallery-item\"><figure><a href=\"https:\/\/farago-precision.com\/hu\/wp-content\/uploads\/2021\/05\/Nevtelen-terv-21-1.jpg\"><img loading=\"lazy\" decoding=\"async\" width=\"1024\" height=\"1024\" src=\"https:\/\/farago-precision.com\/hu\/wp-content\/uploads\/2021\/05\/Nevtelen-terv-21-1-1024x1024.jpg\" alt=\"\" data-id=\"406\" data-full-url=\"https:\/\/farago-precision.com\/hu\/wp-content\/uploads\/2021\/05\/Nevtelen-terv-21-1.jpg\" data-link=\"https:\/\/farago-precision.com\/hu\/galeria\/attachment\/nevtelen-terv-21-1\/\" class=\"wp-image-406\" srcset=\"https:\/\/farago-precision.com\/hu\/wp-content\/uploads\/2021\/05\/Nevtelen-terv-21-1-1024x1024.jpg 1024w, https:\/\/farago-precision.com\/hu\/wp-content\/uploads\/2021\/05\/Nevtelen-terv-21-1-300x300.jpg 300w, https:\/\/farago-precision.com\/hu\/wp-content\/uploads\/2021\/05\/Nevtelen-terv-21-1-150x150.jpg 150w, https:\/\/farago-precision.com\/hu\/wp-content\/uploads\/2021\/05\/Nevtelen-terv-21-1-768x768.jpg 768w, https:\/\/farago-precision.com\/hu\/wp-content\/uploads\/2021\/05\/Nevtelen-terv-21-1-70x70.jpg 70w, https:\/\/farago-precision.com\/hu\/wp-content\/uploads\/2021\/05\/Nevtelen-terv-21-1-127x127.jpg 127w, https:\/\/farago-precision.com\/hu\/wp-content\/uploads\/2021\/05\/Nevtelen-terv-21-1-476x476.jpg 476w, https:\/\/farago-precision.com\/hu\/wp-content\/uploads\/2021\/05\/Nevtelen-terv-21-1-125x125.jpg 125w, https:\/\/farago-precision.com\/hu\/wp-content\/uploads\/2021\/05\/Nevtelen-terv-21-1.jpg 1081w\" sizes=\"auto, (max-width: 1024px) 100vw, 1024px\" \/><\/a><\/figure><\/li><\/ul><\/figure>\n","protected":false},"excerpt":{"rendered":"<p>Szeretj\u00fck meg\u00f6r\u00f6k\u00edteni azokat az \u00f6r\u00f6mteli pillanatokat, amikor be\u00e9rik a munk\u00e1nk gy\u00fcm\u00f6lcse. Csemeg\u00e9zzetek Ti is a k\u00e9pek k\u00f6z\u00fcl!<\/p>\n","protected":false},"author":1,"featured_media":0,"parent":0,"menu_order":0,"comment_status":"closed","ping_status":"closed","template":"page-templates\/no-sidebar.php","meta":{"_exactmetrics_skip_tracking":false,"_exactmetrics_sitenote_active":false,"_exactmetrics_sitenote_note":"","_exactmetrics_sitenote_category":0,"_monsterinsights_skip_tracking":false,"_monsterinsights_sitenote_active":false,"_monsterinsights_sitenote_note":"","_monsterinsights_sitenote_category":0,"footnotes":""},"class_list":["post-85","page","type-page","status-publish","hentry"],"_links":{"self":[{"href":"https:\/\/farago-precision.com\/hu\/wp-json\/wp\/v2\/pages\/85","targetHints":{"allow":["GET"]}}],"collection":[{"href":"https:\/\/farago-precision.com\/hu\/wp-json\/wp\/v2\/pages"}],"about":[{"href":"https:\/\/farago-precision.com\/hu\/wp-json\/wp\/v2\/types\/page"}],"author":[{"embeddable":true,"href":"https:\/\/farago-precision.com\/hu\/wp-json\/wp\/v2\/users\/1"}],"replies":[{"embeddable":true,"href":"https:\/\/farago-precision.com\/hu\/wp-json\/wp\/v2\/comments?post=85"}],"version-history":[{"count":9,"href":"https:\/\/farago-precision.com\/hu\/wp-json\/wp\/v2\/pages\/85\/revisions"}],"predecessor-version":[{"id":407,"href":"https:\/\/farago-precision.com\/hu\/wp-json\/wp\/v2\/pages\/85\/revisions\/407"}],"wp:attachment":[{"href":"https:\/\/farago-precision.com\/hu\/wp-json\/wp\/v2\/media?parent=85"}],"curies":[{"name":"wp","href":"https:\/\/api.w.org\/{rel}","templated":true}]}}