{"id":76,"date":"2018-02-25T10:28:02","date_gmt":"2018-02-25T10:28:02","guid":{"rendered":"http:\/\/www.farago-precision.com\/hu\/?page_id=76"},"modified":"2023-04-02T20:46:24","modified_gmt":"2023-04-02T18:46:24","slug":"talajlevegoztetes","status":"publish","type":"page","link":"https:\/\/farago-precision.com\/hu\/talajlevegoztetes\/","title":{"rendered":"Talajleveg\u0151ztet\u00e9s"},"content":{"rendered":"<h4><strong>M\u0171k\u00f6d\u00e9se<\/strong><\/h4>\n<p><iframe loading=\"lazy\" title=\"KTE-Kecskem\u00e9t 2023. m\u00e1rcius: Talajleveg\u0151ztet\u00e9s 130cm m\u00e9lyen\" width=\"640\" height=\"360\" src=\"https:\/\/www.youtube.com\/embed\/fuTY_h373XY?feature=oembed\" frameborder=\"0\" allow=\"accelerometer; autoplay; clipboard-write; encrypted-media; gyroscope; picture-in-picture; web-share\" referrerpolicy=\"strict-origin-when-cross-origin\" allowfullscreen><\/iframe><\/p>\n<p><iframe loading=\"lazy\" title=\"Sportp\u00e1lya m\u00e9lylaz\u00edt\u00e1s Farago Precision 2021\" width=\"640\" height=\"360\" src=\"https:\/\/www.youtube.com\/embed\/eFkva299L0c?feature=oembed\" frameborder=\"0\" allow=\"accelerometer; autoplay; clipboard-write; encrypted-media; gyroscope; picture-in-picture; web-share\" referrerpolicy=\"strict-origin-when-cross-origin\" allowfullscreen><\/iframe><\/p>\n<h4><strong>T\u00f6rt\u00e9nete<\/strong><\/h4>\n<p>2013-ban sz\u00fcletett meg az ig\u00e9ny egy olyan ipari szerkezetre, amely k\u00e9pes \u00e1tleveg\u0151ztetni eg\u00e9sz \u00fcltetv\u00e9nyek talajszerkezet\u00e9t, hiszen s\u00falyos probl\u00e9m\u00e1t okozott a saj\u00e1t \u00fcltetv\u00e9nyben is a talaj t\u00f6m\u00f6r\u00f6d\u00e9se. Az\u00f3ta 1000+ ha \u00e1ll m\u00f6g\u00f6tt\u00fcnk \u00e9s rengeteg pozit\u00edv visszajelz\u00e9s igazolja, hogy a talajleveg\u0151ztet\u00e9snek, mint termeszt\u00e9stechnol\u00f3giai eszk\u00f6znek szerepelnie kell minden sikerorient\u00e1lt gazda reperto\u00e1rj\u00e1ban.<\/p>\n<h4><strong>Jelen<\/strong><\/h4>\n<p>Az \u00f6tlet valid \u00e9s bizony\u00edtotta l\u00e9tjogosults\u00e1g\u00e1t. Az elm\u00falt \u00e9vek sor\u00e1n minden sz\u00fcks\u00e9ges fejleszt\u00e9st elv\u00e9gezt\u00fcnk. Imm\u00e1r olyan franchise partnerekkel keress\u00fck az egy\u00fcttm\u0171k\u00f6d\u00e9st, akik elk\u00f6telezettek a g\u00e9p forgalmaz\u00e1s\u00e1ban, \u00faj ter\u00fcletekre val\u00f3 bevezet\u00e9s\u00e9ben.<\/p>\n<h4><strong>Technikai adatok<\/strong><\/h4>\n<p>85-120cm m\u00e9lyen, 12bar nyom\u00e1son 500 liter l\u00e9gk\u00f6ri leveg\u0151 20m<sup>3<\/sup>\u00a0f\u00f6ldet p\u00f3kh\u00e1l\u00f3szer\u0171en \u00e1trepedeztet<\/p>\n<h4><strong>V\u00e1rhat\u00f3 hat\u00e1sok<\/strong><\/h4>\n<ul>\n<li>felpezsd\u00fcl a talaj\u00e9let<\/li>\n<li>5-8 \u00e9vvel n\u0151 az \u00fcltetv\u00e9nyek \u00e9lettartama<\/li>\n<li>20-50%-kal n\u0151 az \u00e9ven bel\u00fcli term\u0151k\u00e9pess\u00e9g<\/li>\n<li>nagyobb hajt\u00e1sn\u00f6veked\u00e9sek<\/li>\n<li>kit\u0171n\u0151 v\u00edzgazd\u00e1lkod\u00e1s<\/li>\n<li>p\u00e1r nappal hamarabb \u00e9rik a gy\u00fcm\u00f6lcs<\/li>\n<\/ul>\n<h4><strong>GPS-nyomk\u00f6vet\u00e9s<\/strong><\/h4>\n<p>A g\u00e9p GPS rendszerrel van ell\u00e1tva, \u00edgy sz\u00e1ml\u00e1z\u00e1sn\u00e1l t\u00f6k\u00e9letesen visszak\u00f6vethet\u0151 a munkav\u00e9gz\u00e9s.<\/p>\n<h4><strong>\u00c1rak<\/strong><\/h4>\n<p>Egyedi \u00e1raj\u00e1nlatokkal dolgozunk minden esetben, sor- \u00e9s t\u0151t\u00e1vols\u00e1g illetve darabsz\u00e1m f\u00fcggv\u00e9ny\u00e9ben. A napi teljes\u00edtm\u00e9ny 1,5-3 ha k\u00f6z\u00f6tt v\u00e1ltozik.<\/p>\n\n","protected":false},"excerpt":{"rendered":"<p>M\u0171k\u00f6d\u00e9se T\u00f6rt\u00e9nete 2013-ban sz\u00fcletett meg az ig\u00e9ny egy olyan ipari szerkezetre, amely k\u00e9pes \u00e1tleveg\u0151ztetni eg\u00e9sz \u00fcltetv\u00e9nyek talajszerkezet\u00e9t, hiszen s\u00falyos probl\u00e9m\u00e1t okozott a saj\u00e1t \u00fcltetv\u00e9nyben is a talaj t\u00f6m\u00f6r\u00f6d\u00e9se. Az\u00f3ta 1000+ ha \u00e1ll m\u00f6g\u00f6tt\u00fcnk \u00e9s rengeteg pozit\u00edv visszajelz\u00e9s igazolja, hogy a talajleveg\u0151ztet\u00e9snek, mint termeszt\u00e9stechnol\u00f3giai eszk\u00f6znek szerepelnie kell minden sikerorient\u00e1lt gazda reperto\u00e1rj\u00e1ban. Jelen Az \u00f6tlet valid \u00e9s [&hellip;]<\/p>\n","protected":false},"author":1,"featured_media":146,"parent":0,"menu_order":0,"comment_status":"closed","ping_status":"closed","template":"page-templates\/no-sidebar.php","meta":{"_exactmetrics_skip_tracking":false,"_exactmetrics_sitenote_active":false,"_exactmetrics_sitenote_note":"","_exactmetrics_sitenote_category":0,"_monsterinsights_skip_tracking":false,"_monsterinsights_sitenote_active":false,"_monsterinsights_sitenote_note":"","_monsterinsights_sitenote_category":0,"footnotes":""},"class_list":["post-76","page","type-page","status-publish","has-post-thumbnail","hentry"],"_links":{"self":[{"href":"https:\/\/farago-precision.com\/hu\/wp-json\/wp\/v2\/pages\/76","targetHints":{"allow":["GET"]}}],"collection":[{"href":"https:\/\/farago-precision.com\/hu\/wp-json\/wp\/v2\/pages"}],"about":[{"href":"https:\/\/farago-precision.com\/hu\/wp-json\/wp\/v2\/types\/page"}],"author":[{"embeddable":true,"href":"https:\/\/farago-precision.com\/hu\/wp-json\/wp\/v2\/users\/1"}],"replies":[{"embeddable":true,"href":"https:\/\/farago-precision.com\/hu\/wp-json\/wp\/v2\/comments?post=76"}],"version-history":[{"count":20,"href":"https:\/\/farago-precision.com\/hu\/wp-json\/wp\/v2\/pages\/76\/revisions"}],"predecessor-version":[{"id":464,"href":"https:\/\/farago-precision.com\/hu\/wp-json\/wp\/v2\/pages\/76\/revisions\/464"}],"wp:featuredmedia":[{"embeddable":true,"href":"https:\/\/farago-precision.com\/hu\/wp-json\/wp\/v2\/media\/146"}],"wp:attachment":[{"href":"https:\/\/farago-precision.com\/hu\/wp-json\/wp\/v2\/media?parent=76"}],"curies":[{"name":"wp","href":"https:\/\/api.w.org\/{rel}","templated":true}]}}