{"id":20,"date":"2018-02-24T10:13:16","date_gmt":"2018-02-24T10:13:16","guid":{"rendered":"http:\/\/www.farago-precision.com\/hu\/front-page\/"},"modified":"2018-05-15T16:03:29","modified_gmt":"2018-05-15T16:03:29","slug":"kezdolap","status":"publish","type":"page","link":"https:\/\/farago-precision.com\/hu\/kezdolap\/","title":{"rendered":"Kezd\u0151lap"},"content":{"rendered":"<p><span style=\"color: #000000;\"><span lang=\"EN-GB\" style=\"margin: 0px; font-family: 'Bahnschrift',sans-serif;\">A mai Magyarorsz\u00e1gi mez<\/span><span lang=\"EN-GB\"><span style=\"font-family: Calibri;\">\u0151<\/span><\/span><span lang=\"EN-GB\" style=\"margin: 0px; font-family: 'Bahnschrift',sans-serif;\">gazd<\/span><span lang=\"EN-GB\" style=\"margin: 0px; font-family: 'Bahnschrift',sans-serif;\">\u00e1<\/span><span lang=\"EN-GB\" style=\"margin: 0px; font-family: 'Bahnschrift',sans-serif;\">lkod<\/span><span lang=\"EN-GB\" style=\"margin: 0px; font-family: 'Bahnschrift',sans-serif;\">\u00e1<\/span><span lang=\"EN-GB\" style=\"margin: 0px; font-family: 'Bahnschrift',sans-serif;\">sban \u00fatt\u00f6r<\/span><span lang=\"EN-GB\"><span style=\"font-family: Calibri;\">\u0151<\/span><\/span><span lang=\"EN-GB\" style=\"margin: 0px; font-family: 'Bahnschrift',sans-serif;\">nek sz<\/span><span lang=\"EN-GB\" style=\"margin: 0px; font-family: 'Bahnschrift',sans-serif;\">\u00e1<\/span><span lang=\"EN-GB\" style=\"margin: 0px; font-family: 'Bahnschrift',sans-serif;\">m<\/span><span lang=\"EN-GB\" style=\"margin: 0px; font-family: 'Bahnschrift',sans-serif;\">\u00ed<\/span><span lang=\"EN-GB\" style=\"margin: 0px; font-family: 'Bahnschrift',sans-serif;\">t<\/span><span lang=\"EN-GB\" style=\"margin: 0px; font-family: 'Bahnschrift',sans-serif;\">\u00f3<\/span><span lang=\"EN-GB\" style=\"margin: 0px; font-family: 'Bahnschrift',sans-serif;\"> Talajleveg<\/span><span lang=\"EN-GB\"><span style=\"font-family: Calibri;\">\u0151<\/span><\/span><span lang=\"EN-GB\" style=\"margin: 0px; font-family: 'Bahnschrift',sans-serif;\">ztet<\/span><span lang=\"EN-GB\" style=\"margin: 0px; font-family: 'Bahnschrift',sans-serif;\">\u00e9<\/span><span lang=\"EN-GB\" style=\"margin: 0px; font-family: 'Bahnschrift',sans-serif;\">ssel ker<\/span><span lang=\"EN-GB\" style=\"margin: 0px; font-family: 'Bahnschrift',sans-serif;\">\u00fc<\/span><span lang=\"EN-GB\" style=\"margin: 0px; font-family: 'Bahnschrift',sans-serif;\">lt<\/span><span lang=\"EN-GB\" style=\"margin: 0px; font-family: 'Bahnschrift',sans-serif;\">\u00fc<\/span><span lang=\"EN-GB\" style=\"margin: 0px; font-family: 'Bahnschrift',sans-serif;\">nk be a k<\/span><span lang=\"EN-GB\" style=\"margin: 0px; font-family: 'Bahnschrift',sans-serif;\">\u00f6<\/span><span lang=\"EN-GB\" style=\"margin: 0px; font-family: 'Bahnschrift',sans-serif;\">ztudatba, ez a tev\u00e9kenys\u00e9g hat\u00e1rozta meg a f<\/span><span lang=\"EN-GB\"><span style=\"font-family: Calibri;\">\u0151<\/span><\/span><span lang=\"EN-GB\" style=\"margin: 0px; font-family: 'Bahnschrift',sans-serif;\"> ir<\/span><span lang=\"EN-GB\" style=\"margin: 0px; font-family: 'Bahnschrift',sans-serif;\">\u00e1<\/span><span lang=\"EN-GB\" style=\"margin: 0px; font-family: 'Bahnschrift',sans-serif;\">nyt 2013-ban. Mostanra m\u00e1r szerte\u00e1gaz\u00f3bb portf\u00f3li\u00f3nkkal a prec\u00edzi\u00f3s mez<\/span><span lang=\"EN-GB\"><span style=\"font-family: Calibri;\">\u0151<\/span><\/span><span lang=\"EN-GB\" style=\"margin: 0px; font-family: 'Bahnschrift',sans-serif;\">gazd<\/span><span lang=\"EN-GB\" style=\"margin: 0px; font-family: 'Bahnschrift',sans-serif;\">\u00e1<\/span><span lang=\"EN-GB\" style=\"margin: 0px; font-family: 'Bahnschrift',sans-serif;\">lkod<\/span><span lang=\"EN-GB\" style=\"margin: 0px; font-family: 'Bahnschrift',sans-serif;\">\u00e1<\/span><span lang=\"EN-GB\" style=\"margin: 0px; font-family: 'Bahnschrift',sans-serif;\">s kih\u00edv\u00e1saira k\u00edn\u00e1lunk megold\u00e1sokat. V\u00e1laszt adunk a fagy elleni v\u00e9dekez\u00e9sre, a t\u00f6m\u00f6r, egym\u00e1st\u00f3l elz\u00e1rt talajr\u00e9tegek savasod\u00e1s\u00e1ra vagy \u00e9pp a sz<\/span><span lang=\"EN-GB\"><span style=\"font-family: Calibri;\">\u0151<\/span><\/span><span lang=\"EN-GB\" style=\"margin: 0px; font-family: 'Bahnschrift',sans-serif;\">l<\/span><span lang=\"EN-GB\"><span style=\"font-family: Calibri;\">\u0151<\/span><\/span><span lang=\"EN-GB\" style=\"margin: 0px; font-family: 'Bahnschrift',sans-serif;\">\u00fc<\/span><span lang=\"EN-GB\" style=\"margin: 0px; font-family: 'Bahnschrift',sans-serif;\">ltetv<\/span><span lang=\"EN-GB\" style=\"margin: 0px; font-family: 'Bahnschrift',sans-serif;\">\u00e9<\/span><span lang=\"EN-GB\" style=\"margin: 0px; font-family: 'Bahnschrift',sans-serif;\">nyek t<\/span><span lang=\"EN-GB\" style=\"margin: 0px; font-family: 'Bahnschrift',sans-serif;\">\u00e1<\/span><span lang=\"EN-GB\" style=\"margin: 0px; font-family: 'Bahnschrift',sans-serif;\">mrendszereinek telep<\/span><span lang=\"EN-GB\" style=\"margin: 0px; font-family: 'Bahnschrift',sans-serif;\">\u00ed<\/span><span lang=\"EN-GB\" style=\"margin: 0px; font-family: 'Bahnschrift',sans-serif;\">thet<\/span><span lang=\"EN-GB\"><span style=\"font-family: Calibri;\">\u0151<\/span><\/span><span lang=\"EN-GB\" style=\"margin: 0px; font-family: 'Bahnschrift',sans-serif;\">s<\/span><span lang=\"EN-GB\" style=\"margin: 0px; font-family: 'Bahnschrift',sans-serif;\">\u00e9<\/span><span lang=\"EN-GB\" style=\"margin: 0px; font-family: 'Bahnschrift',sans-serif;\">g<\/span><span lang=\"EN-GB\" style=\"margin: 0px; font-family: 'Bahnschrift',sans-serif;\">\u00e9<\/span><span lang=\"EN-GB\" style=\"margin: 0px; font-family: 'Bahnschrift',sans-serif;\">re. Megold\u00e1saink k\u00f6zt szerepel az Okostoj\u00e1s, amely real-time m<\/span><span lang=\"EN-GB\"><span style=\"font-family: Calibri;\">\u0171<\/span><\/span><span lang=\"EN-GB\" style=\"margin: 0px; font-family: 'Bahnschrift',sans-serif;\">k<\/span><span lang=\"EN-GB\" style=\"margin: 0px; font-family: 'Bahnschrift',sans-serif;\">\u00f6<\/span><span lang=\"EN-GB\" style=\"margin: 0px; font-family: 'Bahnschrift',sans-serif;\">d<\/span><span lang=\"EN-GB\" style=\"margin: 0px; font-family: 'Bahnschrift',sans-serif;\">\u00e9<\/span><span lang=\"EN-GB\" style=\"margin: 0px; font-family: 'Bahnschrift',sans-serif;\">s<\/span><span lang=\"EN-GB\" style=\"margin: 0px; font-family: 'Bahnschrift',sans-serif;\">\u00e9<\/span><span lang=\"EN-GB\" style=\"margin: 0px; font-family: 'Bahnschrift',sans-serif;\">vel <\/span><span lang=\"EN-GB\" style=\"margin: 0px; font-family: 'Bahnschrift',sans-serif;\">\u00fa<\/span><span lang=\"EN-GB\" style=\"margin: 0px; font-family: 'Bahnschrift',sans-serif;\">j fejezetet nyitott az agr\u00e1rmeteorol\u00f3gia \u00e9s a prec\u00edzi\u00f3s gazd\u00e1lkod\u00e1s fejl<\/span><span lang=\"EN-GB\"><span style=\"font-family: Calibri;\">\u0151<\/span><\/span><span lang=\"EN-GB\" style=\"margin: 0px; font-family: 'Bahnschrift',sans-serif;\">d<\/span><span lang=\"EN-GB\" style=\"margin: 0px; font-family: 'Bahnschrift',sans-serif;\">\u00e9<\/span><span lang=\"EN-GB\" style=\"margin: 0px; font-family: 'Bahnschrift',sans-serif;\">s<\/span><span lang=\"EN-GB\" style=\"margin: 0px; font-family: 'Bahnschrift',sans-serif;\">\u00e9<\/span><span lang=\"EN-GB\" style=\"margin: 0px; font-family: 'Bahnschrift',sans-serif;\">ben.<\/span><\/span><\/p>\n<p><span style=\"color: #000000;\"><span lang=\"EN-GB\" style=\"margin: 0px; font-family: 'Bahnschrift',sans-serif;\">30 \u00e9ves tapasztalat \u00e1ll rendelkez\u00e9s\u00fcnkre a mez<\/span><span lang=\"EN-GB\"><span style=\"font-family: Calibri;\">\u0151<\/span><\/span><span lang=\"EN-GB\" style=\"margin: 0px; font-family: 'Bahnschrift',sans-serif;\">gazd<\/span><span lang=\"EN-GB\" style=\"margin: 0px; font-family: 'Bahnschrift',sans-serif;\">\u00e1<\/span><span lang=\"EN-GB\" style=\"margin: 0px; font-family: 'Bahnschrift',sans-serif;\">lkod<\/span><span lang=\"EN-GB\" style=\"margin: 0px; font-family: 'Bahnschrift',sans-serif;\">\u00e1<\/span><span lang=\"EN-GB\" style=\"margin: 0px; font-family: 'Bahnschrift',sans-serif;\">s valamennyi szegmens<\/span><span lang=\"EN-GB\" style=\"margin: 0px; font-family: 'Bahnschrift',sans-serif;\">\u00e9<\/span><span lang=\"EN-GB\" style=\"margin: 0px; font-family: 'Bahnschrift',sans-serif;\">b<\/span><span lang=\"EN-GB\"><span style=\"font-family: Calibri;\">\u0151<\/span><\/span><span lang=\"EN-GB\" style=\"margin: 0px; font-family: 'Bahnschrift',sans-serif;\">l, hiszen saj<\/span><span lang=\"EN-GB\" style=\"margin: 0px; font-family: 'Bahnschrift',sans-serif;\">\u00e1<\/span><span lang=\"EN-GB\" style=\"margin: 0px; font-family: 'Bahnschrift',sans-serif;\">t <\/span><span lang=\"EN-GB\" style=\"margin: 0px; font-family: 'Bahnschrift',sans-serif;\">\u00fc<\/span><span lang=\"EN-GB\" style=\"margin: 0px; font-family: 'Bahnschrift',sans-serif;\">ltetv<\/span><span lang=\"EN-GB\" style=\"margin: 0px; font-family: 'Bahnschrift',sans-serif;\">\u00e9<\/span><span lang=\"EN-GB\" style=\"margin: 0px; font-family: 'Bahnschrift',sans-serif;\">nyeinkben <\/span><span lang=\"EN-GB\" style=\"margin: 0px; font-family: 'Bahnschrift',sans-serif;\">\u00e9<\/span><span lang=\"EN-GB\" style=\"margin: 0px; font-family: 'Bahnschrift',sans-serif;\">s faiskol\u00e1nkban megfigyelhett\u00fck azokat a neh\u00e9zs\u00e9geket, amelyekre megold\u00e1sk\u00e9nt sz\u00fclettek a mai term\u00e9kek. <\/span><\/span><\/p>\n<p><span style=\"color: #000000;\"><span lang=\"EN-GB\" style=\"margin: 0px; font-family: 'Bahnschrift',sans-serif;\">Csapatunk complex \u00f6sszet\u00e9tel\u00e9t j\u00f3l mutatja, hogy kert\u00e9szm\u00e9rn\u00f6k, villamosm\u00e9rn\u00f6k, k\u00f6zgazd\u00e1sz, szoftverfejleszt<\/span><span lang=\"EN-GB\"><span style=\"font-family: Calibri;\">\u0151<\/span><\/span> <span lang=\"EN-GB\" style=\"margin: 0px; font-family: 'Bahnschrift',sans-serif;\">\u00e9<\/span><span lang=\"EN-GB\" style=\"margin: 0px; font-family: 'Bahnschrift',sans-serif;\">s g<\/span><span lang=\"EN-GB\" style=\"margin: 0px; font-family: 'Bahnschrift',sans-serif;\">\u00e9<\/span><span lang=\"EN-GB\" style=\"margin: 0px; font-family: 'Bahnschrift',sans-serif;\">p<\/span><span lang=\"EN-GB\" style=\"margin: 0px; font-family: 'Bahnschrift',sans-serif;\">\u00e9<\/span><span lang=\"EN-GB\" style=\"margin: 0px; font-family: 'Bahnschrift',sans-serif;\">szm<\/span><span lang=\"EN-GB\" style=\"margin: 0px; font-family: 'Bahnschrift',sans-serif;\">\u00e9<\/span><span lang=\"EN-GB\" style=\"margin: 0px; font-family: 'Bahnschrift',sans-serif;\">rn<\/span><span lang=\"EN-GB\" style=\"margin: 0px; font-family: 'Bahnschrift',sans-serif;\">\u00f6<\/span><span lang=\"EN-GB\" style=\"margin: 0px; font-family: 'Bahnschrift',sans-serif;\">k is r<\/span><span lang=\"EN-GB\" style=\"margin: 0px; font-family: 'Bahnschrift',sans-serif;\">\u00e9<\/span><span lang=\"EN-GB\" style=\"margin: 0px; font-family: 'Bahnschrift',sans-serif;\">szt vett a term\u00e9kek fejleszt\u00e9s\u00e9ben. C\u00e9lunk, hogy az \u00faj dolgokra nyitott gazd\u00e1lkod\u00f3kat seg\u00edtve j\u00e1ruljunk hozz\u00e1 nemcsak a hat\u00e9konyabb termel\u00e9shez, hanem az eg\u00e9szs\u00e9gesebb \u00fcltetv\u00e9nyek sz\u00e1m\u00e1nak n\u00f6vel\u00e9s\u00e9hez is. <\/span><\/span><\/p>\n<p><span lang=\"EN-GB\" style=\"margin: 0px; font-family: 'Bahnschrift',sans-serif;\"><span style=\"color: #000000;\">\u00a0Eredm\u00e9nyes \u00e9s okos gazd\u00e1lkod\u00e1st k\u00edv\u00e1nunk!<\/span><\/span><\/p>\n","protected":false},"excerpt":{"rendered":"<p>A mai Magyarorsz\u00e1gi mez\u0151gazd\u00e1lkod\u00e1sban \u00fatt\u00f6r\u0151nek sz\u00e1m\u00edt\u00f3 Talajleveg\u0151ztet\u00e9ssel ker\u00fclt\u00fcnk be a k\u00f6ztudatba, ez a tev\u00e9kenys\u00e9g hat\u00e1rozta meg a f\u0151 ir\u00e1nyt 2013-ban. Mostanra m\u00e1r szerte\u00e1gaz\u00f3bb portf\u00f3li\u00f3nkkal a prec\u00edzi\u00f3s mez\u0151gazd\u00e1lkod\u00e1s kih\u00edv\u00e1saira k\u00edn\u00e1lunk megold\u00e1sokat. V\u00e1laszt adunk a fagy elleni v\u00e9dekez\u00e9sre, a t\u00f6m\u00f6r, egym\u00e1st\u00f3l elz\u00e1rt talajr\u00e9tegek savasod\u00e1s\u00e1ra vagy \u00e9pp a sz\u0151l\u0151\u00fcltetv\u00e9nyek t\u00e1mrendszereinek telep\u00edthet\u0151s\u00e9g\u00e9re. Megold\u00e1saink k\u00f6zt szerepel az Okostoj\u00e1s, amely real-time [&hellip;]<\/p>\n","protected":false},"author":1,"featured_media":0,"parent":0,"menu_order":0,"comment_status":"closed","ping_status":"closed","template":"page-templates\/no-sidebar.php","meta":{"_exactmetrics_skip_tracking":false,"_exactmetrics_sitenote_active":false,"_exactmetrics_sitenote_note":"","_exactmetrics_sitenote_category":0,"_monsterinsights_skip_tracking":false,"_monsterinsights_sitenote_active":false,"_monsterinsights_sitenote_note":"","_monsterinsights_sitenote_category":0,"footnotes":""},"class_list":["post-20","page","type-page","status-publish","hentry"],"_links":{"self":[{"href":"https:\/\/farago-precision.com\/hu\/wp-json\/wp\/v2\/pages\/20","targetHints":{"allow":["GET"]}}],"collection":[{"href":"https:\/\/farago-precision.com\/hu\/wp-json\/wp\/v2\/pages"}],"about":[{"href":"https:\/\/farago-precision.com\/hu\/wp-json\/wp\/v2\/types\/page"}],"author":[{"embeddable":true,"href":"https:\/\/farago-precision.com\/hu\/wp-json\/wp\/v2\/users\/1"}],"replies":[{"embeddable":true,"href":"https:\/\/farago-precision.com\/hu\/wp-json\/wp\/v2\/comments?post=20"}],"version-history":[{"count":3,"href":"https:\/\/farago-precision.com\/hu\/wp-json\/wp\/v2\/pages\/20\/revisions"}],"predecessor-version":[{"id":248,"href":"https:\/\/farago-precision.com\/hu\/wp-json\/wp\/v2\/pages\/20\/revisions\/248"}],"wp:attachment":[{"href":"https:\/\/farago-precision.com\/hu\/wp-json\/wp\/v2\/media?parent=20"}],"curies":[{"name":"wp","href":"https:\/\/api.w.org\/{rel}","templated":true}]}}