{"id":120,"date":"2018-03-02T20:22:40","date_gmt":"2018-03-02T20:22:40","guid":{"rendered":"http:\/\/www.farago-precision.com\/hu\/?page_id=120"},"modified":"2018-05-15T16:05:56","modified_gmt":"2018-05-15T16:05:56","slug":"okostojas","status":"publish","type":"page","link":"https:\/\/farago-precision.com\/hu\/okostojas\/","title":{"rendered":"Okostoj\u00e1s"},"content":{"rendered":"<div id='gallery-1' class='gallery galleryid-120 gallery-columns-4 gallery-size-thumbnail'><figure class='gallery-item'>\n\t\t\t<div class='gallery-icon landscape'>\n\t\t\t\t<a href='https:\/\/farago-precision.com\/hu\/okostojas\/attachment\/okostojas-hatter-weblapra\/'><img loading=\"lazy\" decoding=\"async\" width=\"150\" height=\"150\" src=\"https:\/\/farago-precision.com\/hu\/wp-content\/uploads\/2018\/03\/okostoj\u00e1s-h\u00e1tt\u00e9r-weblapra-150x150.jpg\" class=\"attachment-thumbnail size-thumbnail\" alt=\"\" srcset=\"https:\/\/farago-precision.com\/hu\/wp-content\/uploads\/2018\/03\/okostoj\u00e1s-h\u00e1tt\u00e9r-weblapra-150x150.jpg 150w, https:\/\/farago-precision.com\/hu\/wp-content\/uploads\/2018\/03\/okostoj\u00e1s-h\u00e1tt\u00e9r-weblapra-70x70.jpg 70w, https:\/\/farago-precision.com\/hu\/wp-content\/uploads\/2018\/03\/okostoj\u00e1s-h\u00e1tt\u00e9r-weblapra-127x127.jpg 127w, https:\/\/farago-precision.com\/hu\/wp-content\/uploads\/2018\/03\/okostoj\u00e1s-h\u00e1tt\u00e9r-weblapra-125x125.jpg 125w\" sizes=\"auto, (max-width: 150px) 100vw, 150px\" \/><\/a>\n\t\t\t<\/div><\/figure><figure class='gallery-item'>\n\t\t\t<div class='gallery-icon landscape'>\n\t\t\t\t<a href='https:\/\/farago-precision.com\/hu\/okostojas\/attachment\/27994216_1554776077903616_110471485_n\/'><img loading=\"lazy\" decoding=\"async\" width=\"150\" height=\"150\" src=\"https:\/\/farago-precision.com\/hu\/wp-content\/uploads\/2018\/03\/27994216_1554776077903616_110471485_n-150x150.jpg\" class=\"attachment-thumbnail size-thumbnail\" alt=\"\" srcset=\"https:\/\/farago-precision.com\/hu\/wp-content\/uploads\/2018\/03\/27994216_1554776077903616_110471485_n-150x150.jpg 150w, https:\/\/farago-precision.com\/hu\/wp-content\/uploads\/2018\/03\/27994216_1554776077903616_110471485_n-300x297.jpg 300w, https:\/\/farago-precision.com\/hu\/wp-content\/uploads\/2018\/03\/27994216_1554776077903616_110471485_n-70x70.jpg 70w, https:\/\/farago-precision.com\/hu\/wp-content\/uploads\/2018\/03\/27994216_1554776077903616_110471485_n-127x127.jpg 127w, https:\/\/farago-precision.com\/hu\/wp-content\/uploads\/2018\/03\/27994216_1554776077903616_110471485_n-476x476.jpg 476w, https:\/\/farago-precision.com\/hu\/wp-content\/uploads\/2018\/03\/27994216_1554776077903616_110471485_n-125x125.jpg 125w\" sizes=\"auto, (max-width: 150px) 100vw, 150px\" \/><\/a>\n\t\t\t<\/div><\/figure><figure class='gallery-item'>\n\t\t\t<div class='gallery-icon landscape'>\n\t\t\t\t<a href='https:\/\/farago-precision.com\/hu\/okostojas\/attachment\/tojasok\/'><img loading=\"lazy\" decoding=\"async\" width=\"150\" height=\"150\" src=\"https:\/\/farago-precision.com\/hu\/wp-content\/uploads\/2018\/03\/toj\u00e1sok-150x150.jpg\" class=\"attachment-thumbnail size-thumbnail\" alt=\"\" srcset=\"https:\/\/farago-precision.com\/hu\/wp-content\/uploads\/2018\/03\/toj\u00e1sok-150x150.jpg 150w, https:\/\/farago-precision.com\/hu\/wp-content\/uploads\/2018\/03\/toj\u00e1sok-70x70.jpg 70w, https:\/\/farago-precision.com\/hu\/wp-content\/uploads\/2018\/03\/toj\u00e1sok-127x127.jpg 127w, https:\/\/farago-precision.com\/hu\/wp-content\/uploads\/2018\/03\/toj\u00e1sok-476x476.jpg 476w, https:\/\/farago-precision.com\/hu\/wp-content\/uploads\/2018\/03\/toj\u00e1sok-125x125.jpg 125w\" sizes=\"auto, (max-width: 150px) 100vw, 150px\" \/><\/a>\n\t\t\t<\/div><\/figure><figure class='gallery-item'>\n\t\t\t<div class='gallery-icon portrait'>\n\t\t\t\t<a href='https:\/\/farago-precision.com\/hu\/okostojas\/attachment\/20136503_1417551754987918_1514082788_n\/'><img loading=\"lazy\" decoding=\"async\" width=\"150\" height=\"150\" src=\"https:\/\/farago-precision.com\/hu\/wp-content\/uploads\/2018\/03\/20136503_1417551754987918_1514082788_n-150x150.jpg\" class=\"attachment-thumbnail size-thumbnail\" alt=\"\" srcset=\"https:\/\/farago-precision.com\/hu\/wp-content\/uploads\/2018\/03\/20136503_1417551754987918_1514082788_n-150x150.jpg 150w, https:\/\/farago-precision.com\/hu\/wp-content\/uploads\/2018\/03\/20136503_1417551754987918_1514082788_n-70x70.jpg 70w, https:\/\/farago-precision.com\/hu\/wp-content\/uploads\/2018\/03\/20136503_1417551754987918_1514082788_n-127x127.jpg 127w, https:\/\/farago-precision.com\/hu\/wp-content\/uploads\/2018\/03\/20136503_1417551754987918_1514082788_n-476x476.jpg 476w, https:\/\/farago-precision.com\/hu\/wp-content\/uploads\/2018\/03\/20136503_1417551754987918_1514082788_n-125x125.jpg 125w\" sizes=\"auto, (max-width: 150px) 100vw, 150px\" \/><\/a>\n\t\t\t<\/div><\/figure>\n\t\t<\/div>\n\n<p>Az Okostoj\u00e1st ki kell helyezni az \u00fcltetv\u00e9nyekbe, ahol id\u0151j\u00e1r\u00e1si t\u00e9nyez\u0151ket m\u00e9r, \u00e9s a szenzorok elk\u00fcldik egy operator egys\u00e9gnek a m\u00e9rt adatokat. Mindezek a m\u00e9r\u00e9sek nyomon k\u00f6vethet\u0151ek okos-telefonon, let\u00f6lthet\u0151 applik\u00e1ci\u00f3n kereszt\u00fcl. A felhaszn\u00e1l\u00f3 b\u00e1rmikor hozz\u00e1f\u00e9rhet ezekhez az adatokhoz, \u00edgy preferenci\u00e1i szerint kulcsfontoss\u00e1g\u00fa szakmai d\u00f6nt\u00e9seit (permetez\u00e9s, \u00f6nt\u00f6z\u00e9s, fagy elleni v\u00e9dekez\u00e9s, sz\u00fcretel\u00e9s id\u0151z\u00edt\u00e9se) seg\u00edtheti, alapozhatja meg. Ezzel m\u00e1ris \u00e1thidal t\u00e9r-id\u0151 probl\u00e9m\u00e1kat. Az Okostoj\u00e1s lehet\u0151s\u00e9get teremt, hogy real-time v\u00e1laszokat adjunk az id\u0151j\u00e1r\u00e1s specifikus kih\u00edv\u00e1saira. Sokszor mi magunk homog\u00e9n kezel\u00e9sben r\u00e9szes\u00edtj\u00fck a t\u00f6bb hekt\u00e1ron l\u00e9v\u0151 \u00fcltetv\u00e9ny\u00fcnket. Ez indokolatlan k\u00f6lts\u00e9get, id\u0151t \u00e9s kemik\u00e1li\u00e1t jelent, nem besz\u00e9lve arr\u00f3l, hogy ez\u00e1ltal a heterog\u00e9n tulajdons\u00e1g\u00fa, k\u00fcl\u00f6nb\u00f6z\u0151 ig\u00e9nnyel rendelkez\u0151 ter\u00fcletek, f\u00fcggetlen a specifikuss\u00e1gukt\u00f3l, mind ugyanolyan kezel\u00e9sben r\u00e9szes\u00fclnek. Ennek a felfog\u00e1snak vet v\u00e9get, ha az Okostoj\u00e1st, mint mez\u0151gazdas\u00e1gi kisokost alkalmazza, egyedi m\u00e9r\u00e9sei \u00e1ltal t\u00f6k\u00e9letes k\u00e9pet kap saj\u00e1t \u00fcltetv\u00e9ny\u00e9r\u0151l \u00e9s az esed\u00e9kes termeszt\u00e9stechnol\u00f3giai l\u00e9p\u00e9sekr\u0151l is.<\/p>\n<p>Az Okostoj\u00e1s a Fagyv\u00e9d\u0151g\u00e9p\u00fcnk d\u00f6nt\u00e9st\u00e1mogat\u00f3 rendszere is.<\/p>\n","protected":false},"excerpt":{"rendered":"<p>Az Okostoj\u00e1st ki kell helyezni az \u00fcltetv\u00e9nyekbe, ahol id\u0151j\u00e1r\u00e1si t\u00e9nyez\u0151ket m\u00e9r, \u00e9s a szenzorok elk\u00fcldik egy operator egys\u00e9gnek a m\u00e9rt adatokat. Mindezek a m\u00e9r\u00e9sek nyomon k\u00f6vethet\u0151ek okos-telefonon, let\u00f6lthet\u0151 applik\u00e1ci\u00f3n kereszt\u00fcl. A felhaszn\u00e1l\u00f3 b\u00e1rmikor hozz\u00e1f\u00e9rhet ezekhez az adatokhoz, \u00edgy preferenci\u00e1i szerint kulcsfontoss\u00e1g\u00fa szakmai d\u00f6nt\u00e9seit (permetez\u00e9s, \u00f6nt\u00f6z\u00e9s, fagy elleni v\u00e9dekez\u00e9s, sz\u00fcretel\u00e9s id\u0151z\u00edt\u00e9se) seg\u00edtheti, alapozhatja meg. Ezzel m\u00e1ris [&hellip;]<\/p>\n","protected":false},"author":1,"featured_media":160,"parent":0,"menu_order":0,"comment_status":"closed","ping_status":"closed","template":"page-templates\/no-sidebar.php","meta":{"_exactmetrics_skip_tracking":false,"_exactmetrics_sitenote_active":false,"_exactmetrics_sitenote_note":"","_exactmetrics_sitenote_category":0,"_monsterinsights_skip_tracking":false,"_monsterinsights_sitenote_active":false,"_monsterinsights_sitenote_note":"","_monsterinsights_sitenote_category":0,"footnotes":""},"class_list":["post-120","page","type-page","status-publish","has-post-thumbnail","hentry"],"_links":{"self":[{"href":"https:\/\/farago-precision.com\/hu\/wp-json\/wp\/v2\/pages\/120","targetHints":{"allow":["GET"]}}],"collection":[{"href":"https:\/\/farago-precision.com\/hu\/wp-json\/wp\/v2\/pages"}],"about":[{"href":"https:\/\/farago-precision.com\/hu\/wp-json\/wp\/v2\/types\/page"}],"author":[{"embeddable":true,"href":"https:\/\/farago-precision.com\/hu\/wp-json\/wp\/v2\/users\/1"}],"replies":[{"embeddable":true,"href":"https:\/\/farago-precision.com\/hu\/wp-json\/wp\/v2\/comments?post=120"}],"version-history":[{"count":9,"href":"https:\/\/farago-precision.com\/hu\/wp-json\/wp\/v2\/pages\/120\/revisions"}],"predecessor-version":[{"id":250,"href":"https:\/\/farago-precision.com\/hu\/wp-json\/wp\/v2\/pages\/120\/revisions\/250"}],"wp:featuredmedia":[{"embeddable":true,"href":"https:\/\/farago-precision.com\/hu\/wp-json\/wp\/v2\/media\/160"}],"wp:attachment":[{"href":"https:\/\/farago-precision.com\/hu\/wp-json\/wp\/v2\/media?parent=120"}],"curies":[{"name":"wp","href":"https:\/\/api.w.org\/{rel}","templated":true}]}}