{"id":118,"date":"2018-03-02T20:22:32","date_gmt":"2018-03-02T20:22:32","guid":{"rendered":"http:\/\/www.farago-precision.com\/hu\/?page_id=118"},"modified":"2023-10-28T19:27:42","modified_gmt":"2023-10-28T17:27:42","slug":"fagyvedogep","status":"publish","type":"page","link":"https:\/\/farago-precision.com\/hu\/fagyvedogep\/","title":{"rendered":"Fagyv\u00e9d\u0151g\u00e9p"},"content":{"rendered":"\n<figure class=\"wp-block-image size-large is-resized\"><a href=\"https:\/\/farago-precision.com\/hu\/wp-content\/uploads\/2021\/05\/fairgo_transparens-1.png\"><img loading=\"lazy\" decoding=\"async\" src=\"https:\/\/farago-precision.com\/hu\/wp-content\/uploads\/2021\/05\/fairgo_transparens-1-1024x576.png\" alt=\"\" class=\"wp-image-317\" width=\"303\" height=\"170\" srcset=\"https:\/\/farago-precision.com\/hu\/wp-content\/uploads\/2021\/05\/fairgo_transparens-1-1024x576.png 1024w, https:\/\/farago-precision.com\/hu\/wp-content\/uploads\/2021\/05\/fairgo_transparens-1-300x169.png 300w, https:\/\/farago-precision.com\/hu\/wp-content\/uploads\/2021\/05\/fairgo_transparens-1-768x432.png 768w, https:\/\/farago-precision.com\/hu\/wp-content\/uploads\/2021\/05\/fairgo_transparens-1-1536x864.png 1536w, https:\/\/farago-precision.com\/hu\/wp-content\/uploads\/2021\/05\/fairgo_transparens-1.png 1920w\" sizes=\"auto, (max-width: 303px) 100vw, 303px\" \/><\/a><\/figure>\n\n\n\n<h4 class=\"wp-block-heading\">Bemutatjuk a F-AirGo V2021-et!<\/h4>\n\n\n\n<p>100%-ban magyar tal\u00e1lm\u00e1ny, 100%-ban magyar innov\u00e1ci\u00f3.<\/p>\n\n\n<p><iframe loading=\"lazy\" title=\"\u00cdgy m\u0171k\u00f6dik a F-AirGo V2021 fagyv\u00e9d\u0151g\u00e9p\" width=\"640\" height=\"360\" src=\"https:\/\/www.youtube.com\/embed\/t7soxkVKOn0?feature=oembed\" frameborder=\"0\" allow=\"accelerometer; autoplay; clipboard-write; encrypted-media; gyroscope; picture-in-picture; web-share\" referrerpolicy=\"strict-origin-when-cross-origin\" allowfullscreen><\/iframe><\/p>\n<h4>Mi a probl\u00e9ma?<\/h4>\n<p>A tavaszi fagyok ideje alatt a f\u00f6ldfelsz\u00ednt\u0151l felfel\u00e9 haladva egyre melegebb l\u00e9gr\u00e9tegek tal\u00e1lhat\u00f3ak. M\u00e9r\u00e9seink alapj\u00e1n a talajfelsz\u00edn m\u00e1r 22 \u00f3ra k\u00f6r\u00fcl -9C-ra h\u0171l. Hideg\u00edt\u0151 hat\u00e1s\u00e1t viszonylag lassan adja \u00e1t a felette l\u00e9v\u0151 l\u00e9gt\u00f6megeknek, de napfelkeltekor a term\u0151z\u00f3na leveg\u0151je is -6C-ra s\u00fcllyedhet. Ezzel egyid\u0151ben 10-15 m-es magass\u00e1gban +1,2C uralkodik.<\/p>\n<p><a href=\"#kisregeny\">Olvasson tov\u00e1bb a probl\u00e9m\u00e1r\u00f3l m\u00e9lyebben &gt;&gt;<\/a><\/p>\n<h4>Mi a megold\u00e1s?<\/h4>\n<p>L\u00e9gcser\u00e9t kell v\u00e9grehajtani: a 4-30m magass\u00e1gban l\u00e9v\u0151 leveg\u0151t kell a talajszintre lejuttatni \u00fagy, hogy az ott is maradjon.<\/p>\n<p><strong>A megold\u00e1s: F-AirGo V2021!<\/strong><\/p>\n<p><iframe loading=\"lazy\" title=\"F-AirGo V2021  Frost Protection\" width=\"640\" height=\"360\" src=\"https:\/\/www.youtube.com\/embed\/704DcqmMSnk?feature=oembed\" frameborder=\"0\" allow=\"accelerometer; autoplay; clipboard-write; encrypted-media; gyroscope; picture-in-picture; web-share\" referrerpolicy=\"strict-origin-when-cross-origin\" allowfullscreen><\/iframe><\/p>\n<p><iframe loading=\"lazy\" title=\"F-AirGo V2023 EFFECTIVE FROST PROTECTION John Deere 5515F\" width=\"640\" height=\"360\" src=\"https:\/\/www.youtube.com\/embed\/q_zQH_fOk0k?feature=oembed\" frameborder=\"0\" allow=\"accelerometer; autoplay; clipboard-write; encrypted-media; gyroscope; picture-in-picture; web-share\" referrerpolicy=\"strict-origin-when-cross-origin\" allowfullscreen><\/iframe><\/p>\n<h4>Hogyan m\u0171k\u00f6dik a F-AirGo V2021?<\/h4>\n<p>Az inverzi\u00f3 r\u00e9teg\u00e9nek magasabb h\u0151m\u00e9rs\u00e9klet\u0171 leveg\u0151j\u00e9b\u0151l (4-30m magass\u00e1g) egy axi\u00e1l-ventil\u00e1tor meghajt\u00e1s\u00e1val 90.000-110.000m3\/h l\u00e9gmennyis\u00e9get lesz\u00edvunk, majd ezt a lombkorona alatt (20-24m-es sug\u00e1rral) elter\u00edtj\u00fck. Ez a meleg leveg\u0151 ekkor a hidegebbel elkeveredve nem tud felemelkedni. Nem tud felemelkedni, mert imm\u00e1r felette melegebb r\u00e9teg van. Az elter\u00edtett leveg\u0151t innen: a melegebb \u00e1llapot\u00e1ban sz\u00edvtuk le \u00e9s m\u00e1sodpercek m\u00falva elr\u00f6p\u00edtve \u00e9s elkeverve a lombkorona alatti r\u00e9teggel csak h\u0171teni tudtuk. \u00cdgy nehezebb lett. \u00c9s mert nehezebb\u00e9 v\u00e1lt, fizikailag nem tud felemelkedni. Nem tud felemelkedni, nem tud felemelkedni\u2026.- h\u0151t\u00f6bblet\u00e9vel meglehelgeti a term\u0151z\u00f3n\u00e1t.<\/p>\n<p><iframe loading=\"lazy\" title=\"FAGYV\u00c9DELEM DR\u00d3NR\u00d3L\" width=\"640\" height=\"360\" src=\"https:\/\/www.youtube.com\/embed\/gseqH6Q_xVA?feature=oembed\" frameborder=\"0\" allow=\"accelerometer; autoplay; clipboard-write; encrypted-media; gyroscope; picture-in-picture; web-share\" referrerpolicy=\"strict-origin-when-cross-origin\" allowfullscreen><\/iframe><\/p>\n<p><\/p>\n<p><strong>Ez a l\u00e9gt\u00f6meg m\u00e1r nem tud felemelkedni ,mert a felette l\u00e9v\u0151 r\u00e9teg melegebb marad.<\/strong><\/p>\n<p>A F-AirGo V2021-et 15 perces ciklus-id\u0151vel kell eg\u00e9sz \u00e9jjel j\u00e1ratni az \u00fcltetv\u00e9nyben. Ekkor a ter\u00edt\u00e9si \u00e1tfed\u00e9sek miatt 7,5 percenk\u00e9nt kezelj\u00fck ugyanazt a f\u00e1t. 20-24m-es sug\u00e1rban ter\u00edt \u00e9s csak 2x10m&nbsp;az aj\u00e1nlott fog\u00e1ssz\u00e9less\u00e9g. 100.000m3\/h leveg\u0151 az 100 tonna. 10 \u00f3r\u00e1s v\u00e9dekez\u00e9ssel sz\u00e1molva 1000 tonna! Ez a t\u00f6meg 3-5\u00b0C fokkal melegebb, mint az \u00fcltetv\u00e9nyben l\u00e9v\u0151. A traktorok nem is adj\u00e1k ezt a teljes\u00edtm\u00e9nyt olcs\u00f3n: 9-10 liter g\u00e1zolaj\/\u00f3ra. A F-AirGo V2021-hez tartozik egy h\u0151m\u00e9r\u0151 elektronika, amely a lesz\u00edvott \u00e9s kiter\u00edtett leveg\u0151 h\u0151m\u00e9rs\u00e9klet\u00e9t a traktor-f\u00fclk\u00e9be helyezett kijelz\u0151re k\u00fcldi. M\u00e9rhet\u0151 a hasznoss\u00e1g eg\u00e9sz \u00e9jjel. kb.10eFt-ba ker\u00fcl 1ha v\u00e9d\u00e9se 1\u00e9jszaka.<\/p>\n<h4>Milyen el\u0151nyei vannak a F-AirGo V2021-nek?<\/h4>\n<ul>\n<li>eg\u00e9sz \u00e9jjel biztos\u00edthat\u00f3 folyamatos m\u0171k\u00f6dtet\u00e9s,<\/li>\n<li>val\u00f3s idej\u0171 teljes\u00edtm\u00e9ny adatok a l\u00e9gmennyis\u00e9gr\u0151l \u00e9s a lesz\u00edvott\/elter\u00edtett leveg\u0151 h\u0151m\u00e9rs\u00e9klet\u00e9r\u0151l,<\/li>\n<li>a talaj \u00e9s k\u00f6rnyezete folyamatos h\u0171t\u0151 hat\u00e1s\u00e1nak ellens\u00falyoz\u00e1sa,<\/li>\n<li>a k\u00fcl\u00f6nf\u00e9le traktorok g\u00e9pi teljes\u00edtm\u00e9nyeihez val\u00f3 alkalmazkod\u00f3k\u00e9pess\u00e9g<\/li>\n<li>az \u00fcltetv\u00e9nyen bel\u00fcli egyenletes sz\u00f3r\u00e1sk\u00e9p:minden egyes f\u00e1hoz ugyanazt az er\u0151s l\u00e9g\u00e1ramot vissz\u00fck<\/li>\n<li>a v\u00e9dekez\u00e9s hat\u00e9konys\u00e1g\u00e1t a veget\u00e1ci\u00f3 el\u0151rehaladt\u00e1val egy\u00fcttj\u00e1r\u00f3 nagyobb lombozat sem befoly\u00e1solja<\/li>\n<li>a F-AirGo m\u0171k\u00f6dtet\u00e9si k\u00f6lts\u00e9ge: 17eFt\/ha \u00e9jszaka<\/li>\n<li>minim\u00e1lis szerv\u00edzig\u00e9ny, hossz\u00fa (20-25+ \u00e9v) \u00e9lettartam<\/li>\n<li>a talajfelsz\u00edni h\u0151fejleszt\u0151 technol\u00f3gi\u00e1kkal kombin\u00e1lhat\u00f3<\/li>\n<\/ul>\n<h4>Technikai adatok:<\/h4>\n<ul>\n<li>\u00d6sszt\u00f6meg: 750 kg<\/li>\n<li>Magass\u00e1g: 3250 mm (b\u0151v\u00edthet\u0151)<\/li>\n<li>Munkasebess\u00e9g: 8 km\/h<\/li>\n<li>V\u00e9dhet\u0151 ter\u00fclet: 3,5 ha<\/li>\n<\/ul>\n<h4>Gazd\u00e1lkod\u00f3i sikerek 2023-ban:<\/h4>\n<p><iframe loading=\"lazy\" title=\"F-AirGo V2021 Effective Frost Protection Fagyv\u00e9d\u0151g\u00e9p\" width=\"640\" height=\"360\" src=\"https:\/\/www.youtube.com\/embed\/rSdzNGaRwV8?feature=oembed\" frameborder=\"0\" allow=\"accelerometer; autoplay; clipboard-write; encrypted-media; gyroscope; picture-in-picture; web-share\" referrerpolicy=\"strict-origin-when-cross-origin\" allowfullscreen><\/iframe><\/p>\n<h4>T\u00f6ltse ki \u0171rlapunkat \u00e9s k\u00e9rjen egyedi aj\u00e1nlatot!<\/h4>\n\n\n<div class=\"wp-block-columns is-layout-flex wp-container-core-columns-is-layout-9d6595d7 wp-block-columns-is-layout-flex\">\n<div class=\"wp-block-column is-layout-flow wp-block-column-is-layout-flow\"><\/div>\n<\/div>\n\n\n\n<figure class=\"wp-block-gallery has-nested-images columns-default is-cropped wp-block-gallery-1 is-layout-flex wp-block-gallery-is-layout-flex\">\n<figure class=\"wp-block-image size-large\"><a href=\"https:\/\/farago-precision.com\/hu\/wp-content\/uploads\/2021\/05\/Nevtelen-terv-20.jpg\"><img loading=\"lazy\" decoding=\"async\" width=\"1024\" height=\"1024\" data-id=\"380\" src=\"https:\/\/farago-precision.com\/hu\/wp-content\/uploads\/2021\/05\/Nevtelen-terv-20-1024x1024.jpg\" alt=\"\" class=\"wp-image-380\" srcset=\"https:\/\/farago-precision.com\/hu\/wp-content\/uploads\/2021\/05\/Nevtelen-terv-20-1024x1024.jpg 1024w, https:\/\/farago-precision.com\/hu\/wp-content\/uploads\/2021\/05\/Nevtelen-terv-20-300x300.jpg 300w, https:\/\/farago-precision.com\/hu\/wp-content\/uploads\/2021\/05\/Nevtelen-terv-20-150x150.jpg 150w, https:\/\/farago-precision.com\/hu\/wp-content\/uploads\/2021\/05\/Nevtelen-terv-20-768x768.jpg 768w, https:\/\/farago-precision.com\/hu\/wp-content\/uploads\/2021\/05\/Nevtelen-terv-20-70x70.jpg 70w, https:\/\/farago-precision.com\/hu\/wp-content\/uploads\/2021\/05\/Nevtelen-terv-20-127x127.jpg 127w, https:\/\/farago-precision.com\/hu\/wp-content\/uploads\/2021\/05\/Nevtelen-terv-20-476x476.jpg 476w, https:\/\/farago-precision.com\/hu\/wp-content\/uploads\/2021\/05\/Nevtelen-terv-20-125x125.jpg 125w, https:\/\/farago-precision.com\/hu\/wp-content\/uploads\/2021\/05\/Nevtelen-terv-20.jpg 1081w\" sizes=\"auto, (max-width: 1024px) 100vw, 1024px\" \/><\/a><\/figure>\n\n\n\n<figure class=\"wp-block-image size-large\"><a href=\"https:\/\/farago-precision.com\/hu\/wp-content\/uploads\/2021\/05\/Nevtelen-terv-19.jpg\"><img loading=\"lazy\" decoding=\"async\" width=\"1024\" height=\"1024\" data-id=\"383\" src=\"https:\/\/farago-precision.com\/hu\/wp-content\/uploads\/2021\/05\/Nevtelen-terv-19-1024x1024.jpg\" alt=\"\" class=\"wp-image-383\" srcset=\"https:\/\/farago-precision.com\/hu\/wp-content\/uploads\/2021\/05\/Nevtelen-terv-19-1024x1024.jpg 1024w, https:\/\/farago-precision.com\/hu\/wp-content\/uploads\/2021\/05\/Nevtelen-terv-19-300x300.jpg 300w, https:\/\/farago-precision.com\/hu\/wp-content\/uploads\/2021\/05\/Nevtelen-terv-19-150x150.jpg 150w, https:\/\/farago-precision.com\/hu\/wp-content\/uploads\/2021\/05\/Nevtelen-terv-19-768x768.jpg 768w, https:\/\/farago-precision.com\/hu\/wp-content\/uploads\/2021\/05\/Nevtelen-terv-19-70x70.jpg 70w, https:\/\/farago-precision.com\/hu\/wp-content\/uploads\/2021\/05\/Nevtelen-terv-19-127x127.jpg 127w, https:\/\/farago-precision.com\/hu\/wp-content\/uploads\/2021\/05\/Nevtelen-terv-19-476x476.jpg 476w, https:\/\/farago-precision.com\/hu\/wp-content\/uploads\/2021\/05\/Nevtelen-terv-19-125x125.jpg 125w, https:\/\/farago-precision.com\/hu\/wp-content\/uploads\/2021\/05\/Nevtelen-terv-19.jpg 1081w\" sizes=\"auto, (max-width: 1024px) 100vw, 1024px\" \/><\/a><\/figure>\n\n\n\n<figure class=\"wp-block-image size-large\"><a href=\"https:\/\/farago-precision.com\/hu\/wp-content\/uploads\/2021\/05\/Nevtelen-terv-5.png\"><img loading=\"lazy\" decoding=\"async\" width=\"1024\" height=\"1024\" data-id=\"388\" src=\"https:\/\/farago-precision.com\/hu\/wp-content\/uploads\/2021\/05\/Nevtelen-terv-5-1024x1024.png\" alt=\"\" class=\"wp-image-388\" srcset=\"https:\/\/farago-precision.com\/hu\/wp-content\/uploads\/2021\/05\/Nevtelen-terv-5-1024x1024.png 1024w, https:\/\/farago-precision.com\/hu\/wp-content\/uploads\/2021\/05\/Nevtelen-terv-5-300x300.png 300w, https:\/\/farago-precision.com\/hu\/wp-content\/uploads\/2021\/05\/Nevtelen-terv-5-150x150.png 150w, https:\/\/farago-precision.com\/hu\/wp-content\/uploads\/2021\/05\/Nevtelen-terv-5-768x768.png 768w, https:\/\/farago-precision.com\/hu\/wp-content\/uploads\/2021\/05\/Nevtelen-terv-5-70x70.png 70w, https:\/\/farago-precision.com\/hu\/wp-content\/uploads\/2021\/05\/Nevtelen-terv-5-127x127.png 127w, https:\/\/farago-precision.com\/hu\/wp-content\/uploads\/2021\/05\/Nevtelen-terv-5-476x476.png 476w, https:\/\/farago-precision.com\/hu\/wp-content\/uploads\/2021\/05\/Nevtelen-terv-5-125x125.png 125w, https:\/\/farago-precision.com\/hu\/wp-content\/uploads\/2021\/05\/Nevtelen-terv-5.png 1080w\" sizes=\"auto, (max-width: 1024px) 100vw, 1024px\" \/><\/a><\/figure>\n\n\n\n<figure class=\"wp-block-image size-large\"><a href=\"https:\/\/farago-precision.com\/hu\/wp-content\/uploads\/2021\/05\/F-AirGo-logo-2.png\"><img loading=\"lazy\" decoding=\"async\" width=\"1024\" height=\"277\" data-id=\"318\" src=\"https:\/\/farago-precision.com\/hu\/wp-content\/uploads\/2021\/05\/F-AirGo-logo-2-1024x277.png\" alt=\"\" class=\"wp-image-318\" srcset=\"https:\/\/farago-precision.com\/hu\/wp-content\/uploads\/2021\/05\/F-AirGo-logo-2-1024x277.png 1024w, https:\/\/farago-precision.com\/hu\/wp-content\/uploads\/2021\/05\/F-AirGo-logo-2-300x81.png 300w, https:\/\/farago-precision.com\/hu\/wp-content\/uploads\/2021\/05\/F-AirGo-logo-2-768x208.png 768w, https:\/\/farago-precision.com\/hu\/wp-content\/uploads\/2021\/05\/F-AirGo-logo-2-1536x415.png 1536w, https:\/\/farago-precision.com\/hu\/wp-content\/uploads\/2021\/05\/F-AirGo-logo-2-2048x554.png 2048w\" sizes=\"auto, (max-width: 1024px) 100vw, 1024px\" \/><\/a><\/figure>\n<\/figure>\n\n\n\n<h4 class=\"wp-block-heading\">Kisreg\u00e9ny a tavaszi fagyr\u00f3l<\/h4>\n\n\n\n<ol class=\"wp-block-list\">\n<li>A biol\u00f3gi\u00e1ban vannak \u00e1llatok, akik gy\u0151ztesen veszik fel a versenyt a faggyal. Ezek a vadkacs\u00e1k-vadlib\u00e1k, akik eg\u00e9sz \u00e9jjel mozgatj\u00e1k a saj\u00e1t v\u00edzter\u00fclet\u00fcket -m\u00e9g a Balaton sz\u00e9l\u00e9n is- \u00e9s nem hagyj\u00e1k befagyni azt. Nem a h\u00e1rty\u00e1s jeget rugdoss\u00e1k vissza a v\u00edz al\u00e1 felolvadni, hanem a vizet m\u00e9lyebb r\u00e9tegeivel egy\u00fctt mozgatj\u00e1k, \u00e9s b\u00e1r e nagyobb t\u00f6meg egy\u00fctt h\u0171l: a felsz\u00edn nem fagy be. A vad\u00e1szoknak saj\u00e1t szavuk van erre.<\/li>\n\n\n\n<li>Minden tavaszi fagyk\u00e1rnak : \u201e 2m\u00e9ter felett maradt egy 30%\u201d, vagy \u201ef\u00e9l-term\u00e9s\u00fcnk lett, de az als\u00f3 1,5 m-en szinte semmi\u201d, \u201eaz alma db-ra m\u00e9g csak-csak megmaradt, de sok az ipari min\u0151s\u00e9g\u0171\u201d : v\u00e9g\u00fcl is ezek lesznek a szezon-v\u00e9g mondatai, ismer\u0151sek?<\/li>\n\n\n\n<li>3,3ha ter\u00fclet 3m\u00e9ter magass\u00e1gban 100.000m3 leveg\u0151t tartalmaz. Ekkora t\u00e9rben helyezkedik el a term\u00e9s\u00fcnk d\u00f6nt\u0151 h\u00e1nyada. Ha ez a l\u00e9gt\u00f6meg -7C-fokosra leh\u0171l, akkor ez vir\u00e1gz\u00e1sban tot\u00e1lis fagyk\u00e1rt okoz. Tudj\u00e1k mennyi energia hi\u00e1nyzik ekkor e 100.000 m3 leveg\u0151b\u0151l? : 20 liter benzin. 20 liter benzin \u00e9g\u00e9sh\u0151j\u00e9vel 0 fokosra lehetne meleg\u00edteni 3,3Ha-nyi z\u00e1rt \u00fcltetv\u00e9ny-l\u00e9gt\u00e9rfogatot. Hihetetlen? Az\u00e9rt Magyarorsz\u00e1gon 3milli\u00f3szor ennyi fel\u00fclet van \u00e9s ezt beszorozva el\u00e9g nagy sz\u00e1m j\u00f6n ki csak az\u00e9rt, mert el\u0151z\u0151 este lement a nap.<\/li>\n\n\n\n<li>Inverzi\u00f3: k\u00e9pzelj\u00fcnk el egy tavaszi napot, amikor a talaj 25C-fokos ugyanekkor a leveg\u0151 14-15C.<br>A talaj a k\u00f6zvetlen felette lev\u0151 n\u00e9h\u00e1ny cm-es l\u00e9gr\u00e9teget \u00e1tmeleg\u00edti, ami felsz\u00e1ll, mert melegebb \u00e9s k\u00f6nnyebb. Ez a felsz\u00e1llt l\u00e9gt\u00f6meg eg\u00e9sz nap h\u00edzik \u00e9s 10-30 m\u00e9ter magasban melegebb, mint a felsz\u00edn als\u00f3 0-10 m\u00e9ter\u00e9n. Este lecs\u00faszik a nap \u00e9s a talaj egyed\u00fcl marad, besug\u00e1rz\u00e1s n\u00e9lk\u00fcl. Nagyon gyorsan vesz\u00edti el a nappali h\u0151t, este 21.30-ra felsz\u00edne m\u00e1r -9C-fokos lehet. Folyamatosan h\u0171ti a k\u00f6zvetlen felette l\u00e9v\u0151 0-5m-es l\u00e9gmez\u0151t, de a leveg\u0151 j\u00f3 h\u0151szigetel\u0151 k\u00e9pess\u00e9ge miatt lassan halad fel a k\u00e1r. A talaj \u00e1ltal nappal m\u00e9g meleg\u00edtett fel\u00e1ramlott leveg\u0151 imm\u00e1r alulr\u00f3l h\u0171t\u00e9st kap: csapd\u00e1ba esett. Energiat\u00f6bblete abb\u00f3l a napb\u00f3l sz\u00e1rmazott, ami felmeleg\u00edtette a talajt, de most \u00e9jjel ez cserben hagyva h\u0171teni kezdi. Ez a csapd\u00e1ba esett r\u00e9teg az INVERZI\u00d3. Tavasszal 4-30m-es magass\u00e1gban fedezhet\u0151 fel. \u00c1tlagos h\u0151t\u00f6bblete 3-5C-fok.<\/li>\n\n\n\n<li>K\u00e9pzelj\u00fcnk el egy feny\u0151-erd\u0151t, melynek a t\u0171levelei v\u00e9g\u00e9n a kifagy\u00e1si-kifeh\u00e9red\u00e9si pontokon megannyi -5C-fokos energia\u00e1llapot keletkezik. Ez a n\u00f6v\u00e9nyi v\u00edztartalom miatt befel\u00e9 halad az \u00e1gak fel\u00e9. Ilyen fagy\u00e1spont a f\u0171sz\u00e1lak hegye, a t\u00fcsk\u00e9sdr\u00f3t v\u00e9ge, de a r\u00fcgy, a sziromlevelek, a porz\u00f3 \u00e9s a bibe is. Ha semmi m\u00e1st nem csin\u00e1ln\u00e1nk, csak elf\u00fajn\u00e1nk ezeket a fagy\u00e1si pontokat a hely\u00fckr\u0151l, m\u00e1r nagyot tehetn\u00e9nk a term\u00e9s \u00e9rdek\u00e9ben. Erre mondja a n\u00e9pi b\u00f6lcsess\u00e9g: \u201e..csak a sz\u00e9l meg ne \u00e1lljon!\u201d Ez a m\u0171sz\u00e9l nem okoz m\u00e9rhet\u0151 h\u0151fok-n\u00f6veked\u00e9st, de sz\u00fcretelhet\u0151 term\u00e9st: IGEN. L\u00e1tens-, vagy m\u00e9rhetetlen h\u0151k\u00e9nt h\u00edvja ezt a szakirodalom. A fagyv\u00e9delmet C-fokokkal bizony\u00edtgatjuk, pedig a term\u00e9s a produktum. A Juventus edz\u0151je mondta: a Barcelona ellen nem labdatart\u00e1st akarunk nyerni, hanem meccset.<\/li>\n\n\n\n<li>Bizony\u00e1ra nyomtak m\u00e1r le ping-pong labd\u00e1t a v\u00edz al\u00e1. Pont \u00edgy sz\u00e1ll fel a meleg leveg\u0151, ha hideg k\u00f6zegbe jut. Sajnos ez kis h\u0151k\u00fcl\u00f6nbs\u00e9gn\u00e9l is \u00edgy van, pl.: kif\u00fajt cigif\u00fcst a szob\u00e1ban.<\/li>\n\n\n\n<li>A tavaszi fagy ut\u00e1ni megmenek\u00fclt term\u00e9sekb\u0151l k\u00f6vetkeztethet\u00fcnk arra, hogy a m\u00e9g t\u00f6bb term\u00e9shoz\u00e1shoz nem sok hi\u00e1nyzott. A fajt\u00e1k, a talajfoltok, a sz\u00e9ls\u0151 sor, a vizes \u00e1rok stb., m\u00e1shogy viselkednek. Ut\u00f3lag lesz\u00f6gezhetj\u00fck : n\u00e9h\u00e1ny tized fok is nagyot seg\u00edtett volna.<\/li>\n\n\n\n<li>\u00d6sszegzem: a tavaszi fagyok nem k\u00f6vetkeznek be drasztikus gyorsas\u00e1ggal, van id\u0151 v\u00e9dekezni.<br>A bolygatott-felmeleg\u00edtett \u00fcltetv\u00e9ny a F-AirGo V2021 le\u00e1ll\u00edt\u00e1sa ut\u00e1n 24 perc alatt vesz\u00edtette el m\u00e9rt energiat\u00f6bblet\u00e9t. Max.15 perc alatt vissza kell \u00e9rni ugyanarra a helyre.<br>A v\u00e9dekez\u00e9s hat\u00e9konys\u00e1ga a sokszori kisl\u00e9pt\u00e9k\u0171 energiak\u00f6zl\u00e9sen alapulhat. Jelent\u0151s el\u0151ny a l\u00e9g\u00e1ram k\u00e9pz\u00e9se. \u00c1ll\u00f3-, \u00e9s vontatott \u00fczemeltet\u00e9s\u0171 sz\u00e9lg\u00e9pekkel az inverzi\u00f3ban megl\u00e9v\u0151-, ill. az inverzi\u00f3 l\u00e9gr\u00e9teg\u00e9be fel\u00e1ramoltat\u00f3 rendszerek h\u0151energi\u00e1j\u00e1t vonhatjuk be a v\u00e9dekez\u00e9sbe: (traktor kipufog\u00f3g\u00e1za, f\u0171r\u00e9szporos k\u00e1lyha, fagyv\u00e9d\u0151-gyertya, koksz v\u00f6d\u00f6r, K\u00f6d-S\u00e1rk\u00e1ny, Frostbuster stb.) Az \u00f6nt\u00f6z\u00f6tt ter\u00fclet, a r\u00f6vidre ny\u00edrt talajtakar\u00f3 n\u00f6v\u00e9nyzet, a n\u00f6v\u00e9nyi kond\u00edci\u00f3 mind-mind egy\u00fcttes technol\u00f3giai elemk\u00e9nt tesznek hozz\u00e1 a term\u00e9sv\u00e9d\u00e9shez.<\/li>\n<\/ol>\n\n\n\n<p><strong>K\u00e9rem ismerkedjen meg a vil\u00e1g els\u0151, 100%-ban magyar innov\u00e1ci\u00f3k\u00e9nt kifejlesztett vontatott, TLT-hajt\u00e1s\u00fa vertik\u00e1lis l\u00e9glesz\u00edv\u00f3 g\u00e9p\u00e9vel a: F-AirGo V2021-el.<\/strong><\/p>\n\n\n\n<h5 class=\"wp-block-heading\"><strong>M\u0171k\u00f6d\u00e9se<\/strong><\/h5>\n\n\n\n<p>Az inverzi\u00f3 r\u00e9teg\u00e9nek magasabb h\u0151m\u00e9rs\u00e9klet\u0171 leveg\u0151j\u00e9b\u0151l (4-30m magass\u00e1g) egy axi\u00e1l-ventil\u00e1tor meghajt\u00e1s\u00e1val 90.000-110.000m3\/h l\u00e9gmennyis\u00e9get lesz\u00edvunk, majd ezt a lombkorona alatt (20-24m-es sug\u00e1rral) elter\u00edtj\u00fck. Ez a meleg leveg\u0151 ekkor a hidegebbel elkeveredve nem tud felemelkedni. Nem tud felemelkedni, mert imm\u00e1r felette melegebb r\u00e9teg van. Az elter\u00edtett leveg\u0151t innen: a melegebb \u00e1llapot\u00e1ban sz\u00edvtuk le \u00e9s m\u00e1sodpercek m\u00falva elr\u00f6p\u00edtve \u00e9s elkeverve a lombkorona alatti r\u00e9teggel csak h\u0171teni tudtuk. \u00cdgy nehezebb lett. \u00c9s mert nehezebb\u00e9 v\u00e1lt, fizikailag nem tud felemelkedni, nem tud felemelkedni\u2026.- h\u0151t\u00f6bblet\u00e9vel meglehelgeti a term\u0151z\u00f3n\u00e1t.<\/p>\n\n\n\n<p>Az \u00edgy sz\u00e9tter\u00edtett, a vir\u00e1gzat meleg\u00edt\u00e9s\u00e9re sz\u00e1nt leveg\u0151 is h\u0171lni kezd, de 15 perc m\u00falva \u00fajb\u00f3l elhalad a F-AirGo V2021, \u00e9s \u00fajb\u00f3l melegebb leveg\u0151t k\u00fcld seg\u00edts\u00e9g\u00fcl. A sz\u00f3r\u00e1si \u00e1tfed\u00e9sek miatt 6-7 percenk\u00e9nt tal\u00e1lkozik egy fa e melegebb leveg\u0151vel. A leveg\u0151 kil\u00e9p\u0151sebess\u00e9ge 90-110km\/h. 1m3 leveg\u0151=1kg. \u00d3r\u00e1nk\u00e9nt 90-110 tonna 2-5C-fokkal melegebb t\u00f6meget \u00e1ll\u00edthatunk a v\u00e9dekez\u00e9s oldal\u00e1ra. A mozg\u00f3 l\u00e9gr\u00e9teg \u00f6nmag\u00e1ban is jelent\u0151sen cs\u00f6kkenti a fagyk\u00e1rt, a fentr\u0151l \u00e1thelyezett h\u0151energia d\u00f6nt\u0151en tov\u00e1bb jav\u00edtja a hat\u00e9konys\u00e1got.<\/p>\n\n\n\n<h5 class=\"wp-block-heading\">V\u00e9gezet\u00fcl<\/h5>\n\n\n\n<p>A vir\u00e1gz\u00e1sban a term\u00e9skezdem\u00e9nyek laborat\u00f3riumi k\u00f6r\u00fclm\u00e9nyek k\u00f6z\u00f6tt -4,9\u20135,1C-n\u00e1l fagynak meg. Olykor ilyen leh\u0171l\u00e9sekn\u00e9l is teljes term\u00e9s\u00fcnk lesz, m\u00e1s \u00e9vben viszont 80-90%os fagyk\u00e1runk. K\u00e9pzeljenek el egy nem fagytalan\u00edtott kerti-csapot tavaszi fagy ut\u00e1n: csak reggel a felmeleged\u00e9sekor reped sz\u00e9t! Bizony\u00e1ra a fagyos \u00e9jszaka ut\u00e1ni h\u00edrtelen felmeleged\u00e9s ellen\u00fcnk hat. Itt megjegyzem: a F-AirGo reggel 7.30-kor m\u00e1r az inverzi\u00f3b\u00f3l +0,2C-+3,0C-fokos leveg\u0151t sz\u00edv le, ami ekkor m\u00e1r 3-7C-al h\u0171v\u00f6sebb: Kiegyenl\u00edti a hirtelen h\u0151ugr\u00e1st.<br>-Ha tavaszi fagyok idej\u00e9n csak a megl\u00e9v\u0151 permetez\u0151g\u00e9peink ventil\u00e1torait j\u00e1ratn\u00e1nk, akkor m\u00e1ris +50 % es\u00e9lyt adhatn\u00e1nk a term\u00e9sk\u00e9pz\u00e9shez. Ez a l\u00e9gkever\u00e9sr\u0151l sz\u00f3l. Ha a permetez\u0151 g\u00e9p helyett F-AirGo V2021-est m\u0171k\u00f6dtet\u00fcnk, akkor:<\/p>\n\n\n\n<ul class=\"wp-block-list\">\n<li>40-80%-kal t\u00f6bb leveg\u0151t mozd\u00edthatunk le,<\/li>\n\n\n\n<li>ezt f\u00fcgg\u0151leges lesz\u00edv\u00e1ssal az inverzi\u00f3 melegebb leveg\u0151j\u00e9b\u0151l tehetj\u00fck,<\/li>\n\n\n\n<li>beforgatva, \u00e9s \u00fajra-\u00fajra hasznos\u00edtva ezzel a saj\u00e1t traktorunk ,<br>kipufog\u00f3 g\u00e1z\u00e1nak (70liter g\u00e1zolaj) hullad\u00e9kh\u0151j\u00e9t,<\/li>\n\n\n\n<li>az elter\u00edtett leveg\u0151 k\u00f6zvetlen a talajfelsz\u00edn felett siklik \u00e9s nem terhelj\u00fck \u00e1rt\u00f3 l\u00e9g\u00e1rammal<br>a diderg\u0151 vir\u00e1gzatot,<\/li>\n\n\n\n<li>c\u00e9lg\u00e9pet haszn\u00e1lhatunk: aminek mozg\u00e1si \u00fatvonala, l\u00e9gteljes\u00edtm\u00e9nye, a beter\u00edtett leveg\u0151<br>h\u0151m\u00e9rs\u00e9klete-p\u00e1ratartalma, val\u00f3s id\u0151ben \u00e9s felh\u0151-alap\u00faan is elemezhet\u0151.<br>(GPRS-WiFi-Bluetooth)<\/li>\n<\/ul>\n","protected":false},"excerpt":{"rendered":"<p>Bemutatjuk a F-AirGo V2021-et! 100%-ban magyar tal\u00e1lm\u00e1ny, 100%-ban magyar innov\u00e1ci\u00f3. Mi a probl\u00e9ma? A tavaszi fagyok ideje alatt a f\u00f6ldfelsz\u00ednt\u0151l felfel\u00e9 haladva egyre melegebb l\u00e9gr\u00e9tegek tal\u00e1lhat\u00f3ak. M\u00e9r\u00e9seink alapj\u00e1n a talajfelsz\u00edn m\u00e1r 22 \u00f3ra k\u00f6r\u00fcl -9C-ra h\u0171l. Hideg\u00edt\u0151 hat\u00e1s\u00e1t viszonylag lassan adja \u00e1t a felette l\u00e9v\u0151 l\u00e9gt\u00f6megeknek, de napfelkeltekor a term\u0151z\u00f3na leveg\u0151je is -6C-ra s\u00fcllyedhet. Ezzel [&hellip;]<\/p>\n","protected":false},"author":1,"featured_media":0,"parent":0,"menu_order":0,"comment_status":"closed","ping_status":"closed","template":"page-templates\/no-sidebar.php","meta":{"_exactmetrics_skip_tracking":false,"_exactmetrics_sitenote_active":false,"_exactmetrics_sitenote_note":"","_exactmetrics_sitenote_category":0,"_monsterinsights_skip_tracking":false,"_monsterinsights_sitenote_active":false,"_monsterinsights_sitenote_note":"","_monsterinsights_sitenote_category":0,"footnotes":""},"class_list":["post-118","page","type-page","status-publish","hentry"],"_links":{"self":[{"href":"https:\/\/farago-precision.com\/hu\/wp-json\/wp\/v2\/pages\/118","targetHints":{"allow":["GET"]}}],"collection":[{"href":"https:\/\/farago-precision.com\/hu\/wp-json\/wp\/v2\/pages"}],"about":[{"href":"https:\/\/farago-precision.com\/hu\/wp-json\/wp\/v2\/types\/page"}],"author":[{"embeddable":true,"href":"https:\/\/farago-precision.com\/hu\/wp-json\/wp\/v2\/users\/1"}],"replies":[{"embeddable":true,"href":"https:\/\/farago-precision.com\/hu\/wp-json\/wp\/v2\/comments?post=118"}],"version-history":[{"count":31,"href":"https:\/\/farago-precision.com\/hu\/wp-json\/wp\/v2\/pages\/118\/revisions"}],"predecessor-version":[{"id":463,"href":"https:\/\/farago-precision.com\/hu\/wp-json\/wp\/v2\/pages\/118\/revisions\/463"}],"wp:attachment":[{"href":"https:\/\/farago-precision.com\/hu\/wp-json\/wp\/v2\/media?parent=118"}],"curies":[{"name":"wp","href":"https:\/\/api.w.org\/{rel}","templated":true}]}}