{"id":114,"date":"2018-03-02T20:21:00","date_gmt":"2018-03-02T20:21:00","guid":{"rendered":"http:\/\/www.farago-precision.com\/hu\/?page_id=114"},"modified":"2018-05-15T16:06:54","modified_gmt":"2018-05-15T16:06:54","slug":"szolotamrendszerepites","status":"publish","type":"page","link":"https:\/\/farago-precision.com\/hu\/szolotamrendszerepites\/","title":{"rendered":"Sz\u0151l\u0151t\u00e1mrendszer\u00e9p\u00edt\u00e9s"},"content":{"rendered":"<p><iframe loading=\"lazy\" title=\"Sz\u0151l\u0151t\u00e1mrendszer\" width=\"640\" height=\"360\" src=\"https:\/\/www.youtube.com\/embed\/d98w7OBC2iw?feature=oembed\" frameborder=\"0\" allow=\"accelerometer; autoplay; clipboard-write; encrypted-media; gyroscope; picture-in-picture; web-share\" referrerpolicy=\"strict-origin-when-cross-origin\" allowfullscreen><\/iframe><\/p>\n<p>We use a vibrating technique instead of high power. This modern and indulgent method with low shaking force, small frequency and amplitude predestines the success of the idea. We can install approximately 600-1000 pillars daily, by not breaking any of them. Of course we only install pillars from metal.<\/p>\n<p>Additionally, we can safely undertake works between extremist circumstances such as slippery ground, highly upward slope and extremely rocky soil.<\/p>\n","protected":false},"excerpt":{"rendered":"<p>We use a vibrating technique instead of high power. This modern and indulgent method with low shaking force, small frequency and amplitude predestines the success of the idea. We can install approximately 600-1000 pillars daily, by not breaking any of them. Of course we only install pillars from metal. Additionally, we can safely undertake works [&hellip;]<\/p>\n","protected":false},"author":1,"featured_media":154,"parent":0,"menu_order":0,"comment_status":"closed","ping_status":"closed","template":"page-templates\/no-sidebar.php","meta":{"_exactmetrics_skip_tracking":false,"_exactmetrics_sitenote_active":false,"_exactmetrics_sitenote_note":"","_exactmetrics_sitenote_category":0,"_monsterinsights_skip_tracking":false,"_monsterinsights_sitenote_active":false,"_monsterinsights_sitenote_note":"","_monsterinsights_sitenote_category":0,"footnotes":""},"class_list":["post-114","page","type-page","status-publish","has-post-thumbnail","hentry"],"_links":{"self":[{"href":"https:\/\/farago-precision.com\/hu\/wp-json\/wp\/v2\/pages\/114","targetHints":{"allow":["GET"]}}],"collection":[{"href":"https:\/\/farago-precision.com\/hu\/wp-json\/wp\/v2\/pages"}],"about":[{"href":"https:\/\/farago-precision.com\/hu\/wp-json\/wp\/v2\/types\/page"}],"author":[{"embeddable":true,"href":"https:\/\/farago-precision.com\/hu\/wp-json\/wp\/v2\/users\/1"}],"replies":[{"embeddable":true,"href":"https:\/\/farago-precision.com\/hu\/wp-json\/wp\/v2\/comments?post=114"}],"version-history":[{"count":8,"href":"https:\/\/farago-precision.com\/hu\/wp-json\/wp\/v2\/pages\/114\/revisions"}],"predecessor-version":[{"id":251,"href":"https:\/\/farago-precision.com\/hu\/wp-json\/wp\/v2\/pages\/114\/revisions\/251"}],"wp:featuredmedia":[{"embeddable":true,"href":"https:\/\/farago-precision.com\/hu\/wp-json\/wp\/v2\/media\/154"}],"wp:attachment":[{"href":"https:\/\/farago-precision.com\/hu\/wp-json\/wp\/v2\/media?parent=114"}],"curies":[{"name":"wp","href":"https:\/\/api.w.org\/{rel}","templated":true}]}}