{"id":112,"date":"2018-03-02T20:20:40","date_gmt":"2018-03-02T20:20:40","guid":{"rendered":"http:\/\/www.farago-precision.com\/hu\/?page_id=112"},"modified":"2023-04-02T20:46:05","modified_gmt":"2023-04-02T18:46:05","slug":"gyepfelujitas","status":"publish","type":"page","link":"https:\/\/farago-precision.com\/hu\/gyepfelujitas\/","title":{"rendered":"Gyepfel\u00faj\u00edt\u00e1s"},"content":{"rendered":"<p><iframe loading=\"lazy\" title=\"KTE-Kecskem\u00e9t 2023. m\u00e1rcius: Talajleveg\u0151ztet\u00e9s 130cm m\u00e9lyen\" width=\"640\" height=\"360\" src=\"https:\/\/www.youtube.com\/embed\/fuTY_h373XY?feature=oembed\" frameborder=\"0\" allow=\"accelerometer; autoplay; clipboard-write; encrypted-media; gyroscope; picture-in-picture; web-share\" referrerpolicy=\"strict-origin-when-cross-origin\" allowfullscreen><\/iframe><\/p>\n<p><iframe loading=\"lazy\" title=\"Sportp\u00e1lya m\u00e9lylaz\u00edt\u00e1s Farago Precision 2021\" width=\"640\" height=\"360\" src=\"https:\/\/www.youtube.com\/embed\/eFkva299L0c?feature=oembed\" frameborder=\"0\" allow=\"accelerometer; autoplay; clipboard-write; encrypted-media; gyroscope; picture-in-picture; web-share\" referrerpolicy=\"strict-origin-when-cross-origin\" allowfullscreen><\/iframe><\/p>\n<p>A talajleveg\u0151ztet\u0151 g\u00e9p egy \u00faj fejleszt\u00e9snek k\u00f6sz\u00f6nhet\u0151en alkalmas lett z\u00f6ld fel\u00fcletek, parkok \u00e9s term\u00e9szetesen sportp\u00e1ly\u00e1k kezel\u00e9s\u00e9re, fel\u00faj\u00edt\u00e1s\u00e1ra is.<\/p>\n<p>A labdar\u00fag\u00f3 p\u00e1ly\u00e1k nagyon gyakran m\u00e1r a felsz\u00ednen is t\u00fal kem\u00e9nyen-vagy \u00e9pp t\u00fal m\u00e9lyek, ha esik az es\u0151. Az alattuk l\u00e9v\u0151 talaj fellaz\u00edt\u00e1s\u00e1val, a p\u00e1lya felsz\u00edn\u00e9t nem b\u00e1ntva gyakorlatilag f\u00fcgg\u0151legesen \u00e9s v\u00edzszintesen is kapcsolatot l\u00e9tes\u00edt\u00fcnk a j\u00e1ratok k\u00f6z\u00f6tt. Ezek a j\u00e1ratok marosi homokos felt\u00f6lt\u00e9s ut\u00e1n t\u00f6k\u00e9letes vezet\u0151i az egy\u00e9bk\u00e9nt hektikusan hull\u00f3 csapad\u00e9knak. A focip\u00e1ly\u00e1k \u00edgy sokkal ellen\u00e1ll\u00f3bbak egy nagy es\u0151z\u00e9s ut\u00e1n, mert m\u00e9lyebbre lesziv\u00e1rog a v\u00edz \u00e9s sz\u00e9less\u00e9g\u00e9ben is messzebbre tud terjedni az \u00e1tleveg\u0151ztetett talajon kereszt\u00fcl. Sz\u00e1raz id\u0151j\u00e1r\u00e1si k\u00f6r\u00fclm\u00e9nyek k\u00f6z\u00f6tt pedig ehhez az egyenl\u0151en eloszlatott v\u00edzb\u00e1zishoz tud ny\u00falni a gyep \u00e9s t\u00e1pl\u00e1lkozik bel\u0151le, \u00edgy a sz\u00e1razs\u00e1gt\u0171r\u0151 k\u00e9pess\u00e9g\u00fck is jelent\u0151sen n\u0151.<\/p>\n<p>Term\u00e9szetesen a sportp\u00e1ly\u00e1kon k\u00edv\u00fcl minden t\u00edpus\u00fa z\u00f6ld fel\u00fclet kezel\u00e9s\u00e9n\u00e9l \u00e9s igaz ez a v\u00edzh\u00e1ztart\u00e1s-jav\u00edt\u00f3 hat\u00e1s.<\/p>\n","protected":false},"excerpt":{"rendered":"<p>A talajleveg\u0151ztet\u0151 g\u00e9p egy \u00faj fejleszt\u00e9snek k\u00f6sz\u00f6nhet\u0151en alkalmas lett z\u00f6ld fel\u00fcletek, parkok \u00e9s term\u00e9szetesen sportp\u00e1ly\u00e1k kezel\u00e9s\u00e9re, fel\u00faj\u00edt\u00e1s\u00e1ra is. A labdar\u00fag\u00f3 p\u00e1ly\u00e1k nagyon gyakran m\u00e1r a felsz\u00ednen is t\u00fal kem\u00e9nyen-vagy \u00e9pp t\u00fal m\u00e9lyek, ha esik az es\u0151. Az alattuk l\u00e9v\u0151 talaj fellaz\u00edt\u00e1s\u00e1val, a p\u00e1lya felsz\u00edn\u00e9t nem b\u00e1ntva gyakorlatilag f\u00fcgg\u0151legesen \u00e9s v\u00edzszintesen is kapcsolatot l\u00e9tes\u00edt\u00fcnk a j\u00e1ratok [&hellip;]<\/p>\n","protected":false},"author":1,"featured_media":155,"parent":0,"menu_order":0,"comment_status":"closed","ping_status":"closed","template":"page-templates\/no-sidebar.php","meta":{"_exactmetrics_skip_tracking":false,"_exactmetrics_sitenote_active":false,"_exactmetrics_sitenote_note":"","_exactmetrics_sitenote_category":0,"_monsterinsights_skip_tracking":false,"_monsterinsights_sitenote_active":false,"_monsterinsights_sitenote_note":"","_monsterinsights_sitenote_category":0,"footnotes":""},"class_list":["post-112","page","type-page","status-publish","has-post-thumbnail","hentry"],"_links":{"self":[{"href":"https:\/\/farago-precision.com\/hu\/wp-json\/wp\/v2\/pages\/112","targetHints":{"allow":["GET"]}}],"collection":[{"href":"https:\/\/farago-precision.com\/hu\/wp-json\/wp\/v2\/pages"}],"about":[{"href":"https:\/\/farago-precision.com\/hu\/wp-json\/wp\/v2\/types\/page"}],"author":[{"embeddable":true,"href":"https:\/\/farago-precision.com\/hu\/wp-json\/wp\/v2\/users\/1"}],"replies":[{"embeddable":true,"href":"https:\/\/farago-precision.com\/hu\/wp-json\/wp\/v2\/comments?post=112"}],"version-history":[{"count":16,"href":"https:\/\/farago-precision.com\/hu\/wp-json\/wp\/v2\/pages\/112\/revisions"}],"predecessor-version":[{"id":459,"href":"https:\/\/farago-precision.com\/hu\/wp-json\/wp\/v2\/pages\/112\/revisions\/459"}],"wp:featuredmedia":[{"embeddable":true,"href":"https:\/\/farago-precision.com\/hu\/wp-json\/wp\/v2\/media\/155"}],"wp:attachment":[{"href":"https:\/\/farago-precision.com\/hu\/wp-json\/wp\/v2\/media?parent=112"}],"curies":[{"name":"wp","href":"https:\/\/api.w.org\/{rel}","templated":true}]}}