{"id":112,"date":"2018-03-02T20:20:40","date_gmt":"2018-03-02T20:20:40","guid":{"rendered":"http:\/\/www.farago-precision.com\/en\/?page_id=112"},"modified":"2021-05-08T18:20:07","modified_gmt":"2021-05-08T18:20:07","slug":"lawn-repair","status":"publish","type":"page","link":"https:\/\/farago-precision.com\/en\/lawn-repair\/","title":{"rendered":"Lawn repair"},"content":{"rendered":"<p><iframe loading=\"lazy\" title=\"Gyepfel\u00faj\u00edt\u00e1s\" width=\"640\" height=\"360\" src=\"https:\/\/www.youtube.com\/embed\/Jpk8yDAV5es?feature=oembed\" frameborder=\"0\" allow=\"accelerometer; autoplay; clipboard-write; encrypted-media; gyroscope; picture-in-picture; web-share\" referrerpolicy=\"strict-origin-when-cross-origin\" allowfullscreen><\/iframe><\/p>\n<p>The Soil-Airing Machine has become capable for renewing and repairing compacted, tough and thus infertile soils of any kinds of green areas, lawns, parks, sports grounds or riding halls.<\/p>\n<p>A football pitch often gets compacted by the players themselves. This will result in a tough ground, which is not able to drive rainfall down to the soil, because soil layers do not have connection between them due compaction. With utilizing the service of Soil-Airing Machine, sports ground\u2019s resistance and stress tolerance will increase as their soil will contain more nutrients and water reserves in case of dry and nutrition-poor times. Another important thing is to clarify that Soil-Airing Machine will not ruin the straight surface by shooting the air down to the soil, because the holes are filled with a special sand. Its name is Maros-sand, which will ensure that rain goes down (because the sand\u2019s excellent water-driving ability) to the soil instead of staying on the surface and making it impossible to play on the pitch.<\/p>\n<p>Naturally, besides football pitch, every kind of green area, which suffers from soil compaction, can be repaired by this technique.<\/p>\n","protected":false},"excerpt":{"rendered":"<p>The Soil-Airing Machine has become capable for renewing and repairing compacted, tough and thus infertile soils of any kinds of green areas, lawns, parks, sports grounds or riding halls. A football pitch often gets compacted by the players themselves. This will result in a tough ground, which is not able to drive rainfall down to [&hellip;]<\/p>\n","protected":false},"author":1,"featured_media":155,"parent":0,"menu_order":0,"comment_status":"closed","ping_status":"closed","template":"page-templates\/no-sidebar.php","meta":{"_exactmetrics_skip_tracking":false,"_exactmetrics_sitenote_active":false,"_exactmetrics_sitenote_note":"","_exactmetrics_sitenote_category":0,"_monsterinsights_skip_tracking":false,"_monsterinsights_sitenote_active":false,"_monsterinsights_sitenote_note":"","_monsterinsights_sitenote_category":0,"footnotes":""},"class_list":["post-112","page","type-page","status-publish","has-post-thumbnail","hentry"],"_links":{"self":[{"href":"https:\/\/farago-precision.com\/en\/wp-json\/wp\/v2\/pages\/112","targetHints":{"allow":["GET"]}}],"collection":[{"href":"https:\/\/farago-precision.com\/en\/wp-json\/wp\/v2\/pages"}],"about":[{"href":"https:\/\/farago-precision.com\/en\/wp-json\/wp\/v2\/types\/page"}],"author":[{"embeddable":true,"href":"https:\/\/farago-precision.com\/en\/wp-json\/wp\/v2\/users\/1"}],"replies":[{"embeddable":true,"href":"https:\/\/farago-precision.com\/en\/wp-json\/wp\/v2\/comments?post=112"}],"version-history":[{"count":11,"href":"https:\/\/farago-precision.com\/en\/wp-json\/wp\/v2\/pages\/112\/revisions"}],"predecessor-version":[{"id":239,"href":"https:\/\/farago-precision.com\/en\/wp-json\/wp\/v2\/pages\/112\/revisions\/239"}],"wp:featuredmedia":[{"embeddable":true,"href":"https:\/\/farago-precision.com\/en\/wp-json\/wp\/v2\/media\/155"}],"wp:attachment":[{"href":"https:\/\/farago-precision.com\/en\/wp-json\/wp\/v2\/media?parent=112"}],"curies":[{"name":"wp","href":"https:\/\/api.w.org\/{rel}","templated":true}]}}